{"id":43,"date":"2024-12-27T15:19:34","date_gmt":"2024-12-27T14:19:34","guid":{"rendered":"http:\/\/berizzirenov.fr\/?page_id=43"},"modified":"2025-01-04T12:14:07","modified_gmt":"2025-01-04T11:14:07","slug":"les-realisations","status":"publish","type":"page","link":"https:\/\/berizzirenov.fr\/?page_id=43","title":{"rendered":"Les r\u00e9alisations"},"content":{"rendered":"\n<hr class=\"wp-block-separator has-alpha-channel-opacity\"\/>\n\n\n\n<figure class=\"wp-block-gallery has-nested-images columns-2 is-cropped has-white-background-color has-background wp-block-gallery-1 is-layout-flex wp-block-gallery-is-layout-flex\">\n<figure class=\"wp-block-image size-large\"><img loading=\"lazy\" decoding=\"async\" width=\"2048\" height=\"1365\" data-id=\"202\" src=\"http:\/\/berizzirenov.fr\/wp-content\/uploads\/2024\/12\/IMG_5855-2048x1365.jpeg\" alt=\"\" class=\"wp-image-202\" srcset=\"https:\/\/berizzirenov.fr\/wp-content\/uploads\/2024\/12\/IMG_5855-2048x1365.jpeg 2048w, https:\/\/berizzirenov.fr\/wp-content\/uploads\/2024\/12\/IMG_5855-300x200.jpeg 300w, https:\/\/berizzirenov.fr\/wp-content\/uploads\/2024\/12\/IMG_5855-768x512.jpeg 768w, https:\/\/berizzirenov.fr\/wp-content\/uploads\/2024\/12\/IMG_5855-1536x1024.jpeg 1536w\" sizes=\"auto, (max-width: 2048px) 100vw, 2048px\" \/><figcaption class=\"wp-element-caption\"><strong>Am\u00e9nagement d&rsquo;un appartement T3<\/strong><\/figcaption><\/figure>\n\n\n\n<figure class=\"wp-block-image size-large\"><img loading=\"lazy\" decoding=\"async\" width=\"2048\" height=\"1365\" data-id=\"354\" src=\"http:\/\/berizzirenov.fr\/wp-content\/uploads\/2025\/01\/IMG_5856-2048x1365.jpg\" alt=\"\" class=\"wp-image-354\" srcset=\"https:\/\/berizzirenov.fr\/wp-content\/uploads\/2025\/01\/IMG_5856-2048x1365.jpg 2048w, https:\/\/berizzirenov.fr\/wp-content\/uploads\/2025\/01\/IMG_5856-300x200.jpg 300w, https:\/\/berizzirenov.fr\/wp-content\/uploads\/2025\/01\/IMG_5856-768x512.jpg 768w, https:\/\/berizzirenov.fr\/wp-content\/uploads\/2025\/01\/IMG_5856-1536x1024.jpg 1536w\" sizes=\"auto, (max-width: 2048px) 100vw, 2048px\" \/><figcaption class=\"wp-element-caption\"><strong>Cr\u00e9ation d&rsquo;une chambre avec dressing<\/strong><\/figcaption><\/figure>\n\n\n\n<figure class=\"wp-block-image size-large\"><img loading=\"lazy\" decoding=\"async\" width=\"2048\" height=\"1536\" data-id=\"185\" src=\"http:\/\/berizzirenov.fr\/wp-content\/uploads\/2024\/12\/IMG_0740-2048x1536.jpeg\" alt=\"\" class=\"wp-image-185\" srcset=\"https:\/\/berizzirenov.fr\/wp-content\/uploads\/2024\/12\/IMG_0740-2048x1536.jpeg 2048w, https:\/\/berizzirenov.fr\/wp-content\/uploads\/2024\/12\/IMG_0740-300x225.jpeg 300w, https:\/\/berizzirenov.fr\/wp-content\/uploads\/2024\/12\/IMG_0740-768x576.jpeg 768w, https:\/\/berizzirenov.fr\/wp-content\/uploads\/2024\/12\/IMG_0740-1536x1152.jpeg 1536w\" sizes=\"auto, (max-width: 2048px) 100vw, 2048px\" \/><figcaption class=\"wp-element-caption\"><strong>Am\u00e9nagement d&rsquo;une chambre<\/strong><\/figcaption><\/figure>\n\n\n\n<figure class=\"wp-block-image size-large\"><img loading=\"lazy\" decoding=\"async\" width=\"1365\" height=\"2048\" data-id=\"203\" src=\"http:\/\/berizzirenov.fr\/wp-content\/uploads\/2024\/12\/IMG_5860-1365x2048.jpeg\" alt=\"\" class=\"wp-image-203\" srcset=\"https:\/\/berizzirenov.fr\/wp-content\/uploads\/2024\/12\/IMG_5860-1365x2048.jpeg 1365w, https:\/\/berizzirenov.fr\/wp-content\/uploads\/2024\/12\/IMG_5860-200x300.jpeg 200w, https:\/\/berizzirenov.fr\/wp-content\/uploads\/2024\/12\/IMG_5860-768x1152.jpeg 768w, https:\/\/berizzirenov.fr\/wp-content\/uploads\/2024\/12\/IMG_5860-1024x1536.jpeg 1024w, https:\/\/berizzirenov.fr\/wp-content\/uploads\/2024\/12\/IMG_5860-scaled.jpeg 1707w\" sizes=\"auto, (max-width: 1365px) 100vw, 1365px\" \/><figcaption class=\"wp-element-caption\"><strong>R\u00e9novation d&rsquo;une salle de bain<\/strong><\/figcaption><\/figure>\n\n\n\n<figure class=\"wp-block-image size-large\"><img loading=\"lazy\" decoding=\"async\" width=\"2048\" height=\"1536\" data-id=\"236\" src=\"http:\/\/berizzirenov.fr\/wp-content\/uploads\/2025\/01\/IMG_1647-2048x1536.jpg\" alt=\"\" class=\"wp-image-236\" srcset=\"https:\/\/berizzirenov.fr\/wp-content\/uploads\/2025\/01\/IMG_1647-2048x1536.jpg 2048w, https:\/\/berizzirenov.fr\/wp-content\/uploads\/2025\/01\/IMG_1647-300x225.jpg 300w, https:\/\/berizzirenov.fr\/wp-content\/uploads\/2025\/01\/IMG_1647-768x576.jpg 768w, https:\/\/berizzirenov.fr\/wp-content\/uploads\/2025\/01\/IMG_1647-1536x1152.jpg 1536w\" sizes=\"auto, (max-width: 2048px) 100vw, 2048px\" \/><figcaption class=\"wp-element-caption\"><strong>Cr\u00e9ation d&rsquo;un salon<\/strong><\/figcaption><\/figure>\n\n\n\n<figure class=\"wp-block-image size-large\"><img loading=\"lazy\" decoding=\"async\" width=\"2048\" height=\"1536\" data-id=\"196\" src=\"http:\/\/berizzirenov.fr\/wp-content\/uploads\/2024\/12\/IMG_1651-2048x1536.jpg\" alt=\"\" class=\"wp-image-196\" srcset=\"https:\/\/berizzirenov.fr\/wp-content\/uploads\/2024\/12\/IMG_1651-2048x1536.jpg 2048w, https:\/\/berizzirenov.fr\/wp-content\/uploads\/2024\/12\/IMG_1651-300x225.jpg 300w, https:\/\/berizzirenov.fr\/wp-content\/uploads\/2024\/12\/IMG_1651-768x576.jpg 768w, https:\/\/berizzirenov.fr\/wp-content\/uploads\/2024\/12\/IMG_1651-1536x1152.jpg 1536w\" sizes=\"auto, (max-width: 2048px) 100vw, 2048px\" \/><figcaption class=\"wp-element-caption\"><strong>Cr\u00e9ation d&rsquo;une salle \u00e0 manger<\/strong><\/figcaption><\/figure>\n\n\n\n<figure class=\"wp-block-image size-large\"><img loading=\"lazy\" decoding=\"async\" width=\"2048\" height=\"1536\" data-id=\"193\" src=\"http:\/\/berizzirenov.fr\/wp-content\/uploads\/2024\/12\/IMG_1526-2048x1536.jpg\" alt=\"\" class=\"wp-image-193\" srcset=\"https:\/\/berizzirenov.fr\/wp-content\/uploads\/2024\/12\/IMG_1526-2048x1536.jpg 2048w, https:\/\/berizzirenov.fr\/wp-content\/uploads\/2024\/12\/IMG_1526-300x225.jpg 300w, https:\/\/berizzirenov.fr\/wp-content\/uploads\/2024\/12\/IMG_1526-768x576.jpg 768w, https:\/\/berizzirenov.fr\/wp-content\/uploads\/2024\/12\/IMG_1526-1536x1152.jpg 1536w\" sizes=\"auto, (max-width: 2048px) 100vw, 2048px\" \/><figcaption class=\"wp-element-caption\"><strong>Cr\u00e9ation de chambres<\/strong><\/figcaption><\/figure>\n\n\n\n<figure class=\"wp-block-image size-large\"><img loading=\"lazy\" decoding=\"async\" width=\"2048\" height=\"1536\" data-id=\"351\" src=\"http:\/\/berizzirenov.fr\/wp-content\/uploads\/2025\/01\/IMG_5605-2048x1536.jpg\" alt=\"\" class=\"wp-image-351\" srcset=\"https:\/\/berizzirenov.fr\/wp-content\/uploads\/2025\/01\/IMG_5605-2048x1536.jpg 2048w, https:\/\/berizzirenov.fr\/wp-content\/uploads\/2025\/01\/IMG_5605-300x225.jpg 300w, https:\/\/berizzirenov.fr\/wp-content\/uploads\/2025\/01\/IMG_5605-768x576.jpg 768w, https:\/\/berizzirenov.fr\/wp-content\/uploads\/2025\/01\/IMG_5605-1536x1152.jpg 1536w\" sizes=\"auto, (max-width: 2048px) 100vw, 2048px\" \/><figcaption class=\"wp-element-caption\"><strong>Isolation d&rsquo;un garage<\/strong><\/figcaption><\/figure>\n\n\n\n<figure class=\"wp-block-image size-large\"><img loading=\"lazy\" decoding=\"async\" width=\"2048\" height=\"1536\" data-id=\"184\" src=\"http:\/\/berizzirenov.fr\/wp-content\/uploads\/2024\/12\/IMG_0642-2048x1536.jpeg\" alt=\"\" class=\"wp-image-184\" srcset=\"https:\/\/berizzirenov.fr\/wp-content\/uploads\/2024\/12\/IMG_0642-2048x1536.jpeg 2048w, https:\/\/berizzirenov.fr\/wp-content\/uploads\/2024\/12\/IMG_0642-300x225.jpeg 300w, https:\/\/berizzirenov.fr\/wp-content\/uploads\/2024\/12\/IMG_0642-768x576.jpeg 768w, https:\/\/berizzirenov.fr\/wp-content\/uploads\/2024\/12\/IMG_0642-1536x1152.jpeg 1536w\" sizes=\"auto, (max-width: 2048px) 100vw, 2048px\" \/><figcaption class=\"wp-element-caption\"><strong>Cr\u00e9ation d&rsquo;un plancher bois et d&rsquo;une fen\u00eatre de toit<\/strong><\/figcaption><\/figure>\n\n\n\n<figure class=\"wp-block-image size-large\"><img loading=\"lazy\" decoding=\"async\" width=\"2048\" height=\"1536\" data-id=\"187\" src=\"http:\/\/berizzirenov.fr\/wp-content\/uploads\/2024\/12\/IMG_0858-2048x1536.jpeg\" alt=\"\" class=\"wp-image-187\" srcset=\"https:\/\/berizzirenov.fr\/wp-content\/uploads\/2024\/12\/IMG_0858-2048x1536.jpeg 2048w, https:\/\/berizzirenov.fr\/wp-content\/uploads\/2024\/12\/IMG_0858-300x225.jpeg 300w, https:\/\/berizzirenov.fr\/wp-content\/uploads\/2024\/12\/IMG_0858-768x576.jpeg 768w, https:\/\/berizzirenov.fr\/wp-content\/uploads\/2024\/12\/IMG_0858-1536x1152.jpeg 1536w\" sizes=\"auto, (max-width: 2048px) 100vw, 2048px\" \/><figcaption class=\"wp-element-caption\"><strong>Cr\u00e9ation d&rsquo;un \u00e9tage complet<\/strong><\/figcaption><\/figure>\n\n\n\n<figure class=\"wp-block-image size-large\"><img loading=\"lazy\" decoding=\"async\" width=\"2048\" height=\"1536\" data-id=\"198\" src=\"http:\/\/berizzirenov.fr\/wp-content\/uploads\/2024\/12\/IMG_2065.jpeg\" alt=\"\" class=\"wp-image-198\" srcset=\"https:\/\/berizzirenov.fr\/wp-content\/uploads\/2024\/12\/IMG_2065.jpeg 2048w, https:\/\/berizzirenov.fr\/wp-content\/uploads\/2024\/12\/IMG_2065-300x225.jpeg 300w, https:\/\/berizzirenov.fr\/wp-content\/uploads\/2024\/12\/IMG_2065-768x576.jpeg 768w, https:\/\/berizzirenov.fr\/wp-content\/uploads\/2024\/12\/IMG_2065-1536x1152.jpeg 1536w\" sizes=\"auto, (max-width: 2048px) 100vw, 2048px\" \/><figcaption class=\"wp-element-caption\"><strong>Bardage bois vertical<\/strong><\/figcaption><\/figure>\n\n\n\n<figure class=\"wp-block-image size-large\"><img loading=\"lazy\" decoding=\"async\" width=\"2048\" height=\"1536\" data-id=\"186\" src=\"http:\/\/berizzirenov.fr\/wp-content\/uploads\/2024\/12\/IMG_0765-2048x1536.jpeg\" alt=\"\" class=\"wp-image-186\" srcset=\"https:\/\/berizzirenov.fr\/wp-content\/uploads\/2024\/12\/IMG_0765-2048x1536.jpeg 2048w, https:\/\/berizzirenov.fr\/wp-content\/uploads\/2024\/12\/IMG_0765-300x225.jpeg 300w, https:\/\/berizzirenov.fr\/wp-content\/uploads\/2024\/12\/IMG_0765-768x576.jpeg 768w, https:\/\/berizzirenov.fr\/wp-content\/uploads\/2024\/12\/IMG_0765-1536x1152.jpeg 1536w\" sizes=\"auto, (max-width: 2048px) 100vw, 2048px\" \/><figcaption class=\"wp-element-caption\"><strong>Renforcement de charpente et bardage bois<\/strong><\/figcaption><\/figure>\n\n\n\n<figure class=\"wp-block-image size-large\"><img loading=\"lazy\" decoding=\"async\" width=\"2048\" height=\"1536\" data-id=\"190\" src=\"http:\/\/berizzirenov.fr\/wp-content\/uploads\/2024\/12\/IMG_1136-2048x1536.jpg\" alt=\"\" class=\"wp-image-190\" srcset=\"https:\/\/berizzirenov.fr\/wp-content\/uploads\/2024\/12\/IMG_1136-2048x1536.jpg 2048w, https:\/\/berizzirenov.fr\/wp-content\/uploads\/2024\/12\/IMG_1136-300x225.jpg 300w, https:\/\/berizzirenov.fr\/wp-content\/uploads\/2024\/12\/IMG_1136-768x576.jpg 768w, https:\/\/berizzirenov.fr\/wp-content\/uploads\/2024\/12\/IMG_1136-1536x1152.jpg 1536w\" sizes=\"auto, (max-width: 2048px) 100vw, 2048px\" \/><figcaption class=\"wp-element-caption\"><strong>Pose d&rsquo;un carport une place<\/strong><\/figcaption><\/figure>\n\n\n\n<figure class=\"wp-block-image size-large\"><img loading=\"lazy\" decoding=\"async\" width=\"2048\" height=\"1536\" data-id=\"191\" src=\"http:\/\/berizzirenov.fr\/wp-content\/uploads\/2024\/12\/IMG_1337-2048x1536.jpg\" alt=\"\" class=\"wp-image-191\" srcset=\"https:\/\/berizzirenov.fr\/wp-content\/uploads\/2024\/12\/IMG_1337-2048x1536.jpg 2048w, https:\/\/berizzirenov.fr\/wp-content\/uploads\/2024\/12\/IMG_1337-300x225.jpg 300w, https:\/\/berizzirenov.fr\/wp-content\/uploads\/2024\/12\/IMG_1337-768x576.jpg 768w, https:\/\/berizzirenov.fr\/wp-content\/uploads\/2024\/12\/IMG_1337-1536x1152.jpg 1536w\" sizes=\"auto, (max-width: 2048px) 100vw, 2048px\" \/><figcaption class=\"wp-element-caption\"><strong>Pose d&rsquo;un carport deux places<\/strong><\/figcaption><\/figure>\n\n\n\n<figure class=\"wp-block-image size-large\"><img loading=\"lazy\" decoding=\"async\" width=\"2048\" height=\"1536\" data-id=\"359\" src=\"http:\/\/berizzirenov.fr\/wp-content\/uploads\/2025\/01\/IMG_0178-2048x1536.jpg\" alt=\"\" class=\"wp-image-359\" srcset=\"https:\/\/berizzirenov.fr\/wp-content\/uploads\/2025\/01\/IMG_0178-2048x1536.jpg 2048w, https:\/\/berizzirenov.fr\/wp-content\/uploads\/2025\/01\/IMG_0178-300x225.jpg 300w, https:\/\/berizzirenov.fr\/wp-content\/uploads\/2025\/01\/IMG_0178-768x576.jpg 768w, https:\/\/berizzirenov.fr\/wp-content\/uploads\/2025\/01\/IMG_0178-1536x1152.jpg 1536w\" sizes=\"auto, (max-width: 2048px) 100vw, 2048px\" \/><figcaption class=\"wp-element-caption\"><strong>Cr\u00e9ation d&rsquo;une cuisine d&rsquo;\u00e9t\u00e9<\/strong><\/figcaption><\/figure>\n\n\n\n<figure class=\"wp-block-image size-large\"><img loading=\"lazy\" decoding=\"async\" width=\"2048\" height=\"1536\" data-id=\"183\" src=\"http:\/\/berizzirenov.fr\/wp-content\/uploads\/2024\/12\/IMG_0510-2048x1536.jpeg\" alt=\"\" class=\"wp-image-183\" srcset=\"https:\/\/berizzirenov.fr\/wp-content\/uploads\/2024\/12\/IMG_0510-2048x1536.jpeg 2048w, https:\/\/berizzirenov.fr\/wp-content\/uploads\/2024\/12\/IMG_0510-300x225.jpeg 300w, https:\/\/berizzirenov.fr\/wp-content\/uploads\/2024\/12\/IMG_0510-768x576.jpeg 768w, https:\/\/berizzirenov.fr\/wp-content\/uploads\/2024\/12\/IMG_0510-1536x1152.jpeg 1536w\" sizes=\"auto, (max-width: 2048px) 100vw, 2048px\" \/><figcaption class=\"wp-element-caption\"><strong>Cr\u00e9ation d&rsquo;une pergola<\/strong><\/figcaption><\/figure>\n\n\n\n<figure class=\"wp-block-image size-large\"><img loading=\"lazy\" decoding=\"async\" width=\"2048\" height=\"1536\" data-id=\"192\" src=\"http:\/\/berizzirenov.fr\/wp-content\/uploads\/2024\/12\/IMG_1460-2048x1536.jpg\" alt=\"\" class=\"wp-image-192\" srcset=\"https:\/\/berizzirenov.fr\/wp-content\/uploads\/2024\/12\/IMG_1460-2048x1536.jpg 2048w, https:\/\/berizzirenov.fr\/wp-content\/uploads\/2024\/12\/IMG_1460-300x225.jpg 300w, https:\/\/berizzirenov.fr\/wp-content\/uploads\/2024\/12\/IMG_1460-768x576.jpg 768w, https:\/\/berizzirenov.fr\/wp-content\/uploads\/2024\/12\/IMG_1460-1536x1152.jpg 1536w\" sizes=\"auto, (max-width: 2048px) 100vw, 2048px\" \/><figcaption class=\"wp-element-caption\"><strong>Remplacement couverture tuiles<\/strong><\/figcaption><\/figure>\n\n\n\n<figure class=\"wp-block-image size-large\"><img loading=\"lazy\" decoding=\"async\" width=\"1536\" height=\"2048\" data-id=\"357\" src=\"http:\/\/berizzirenov.fr\/wp-content\/uploads\/2025\/01\/IMG_0658-1536x2048.jpg\" alt=\"\" class=\"wp-image-357\" srcset=\"https:\/\/berizzirenov.fr\/wp-content\/uploads\/2025\/01\/IMG_0658-1536x2048.jpg 1536w, https:\/\/berizzirenov.fr\/wp-content\/uploads\/2025\/01\/IMG_0658-225x300.jpg 225w, https:\/\/berizzirenov.fr\/wp-content\/uploads\/2025\/01\/IMG_0658-768x1024.jpg 768w, https:\/\/berizzirenov.fr\/wp-content\/uploads\/2025\/01\/IMG_0658-1152x1536.jpg 1152w, https:\/\/berizzirenov.fr\/wp-content\/uploads\/2025\/01\/IMG_0658-scaled.jpg 1920w\" sizes=\"auto, (max-width: 1536px) 100vw, 1536px\" \/><figcaption class=\"wp-element-caption\"><strong>R\u00e9alisation d&rsquo;une charpente bois entre 2 b\u00e2timents<\/strong><\/figcaption><\/figure>\n\n\n\n<figure class=\"wp-block-image size-large\"><img loading=\"lazy\" decoding=\"async\" width=\"2048\" height=\"1536\" data-id=\"361\" src=\"http:\/\/berizzirenov.fr\/wp-content\/uploads\/2025\/01\/IMG_0770-1-2048x1536.jpg\" alt=\"\" class=\"wp-image-361\" srcset=\"https:\/\/berizzirenov.fr\/wp-content\/uploads\/2025\/01\/IMG_0770-1-2048x1536.jpg 2048w, https:\/\/berizzirenov.fr\/wp-content\/uploads\/2025\/01\/IMG_0770-1-300x225.jpg 300w, https:\/\/berizzirenov.fr\/wp-content\/uploads\/2025\/01\/IMG_0770-1-768x576.jpg 768w, https:\/\/berizzirenov.fr\/wp-content\/uploads\/2025\/01\/IMG_0770-1-1536x1152.jpg 1536w\" sizes=\"auto, (max-width: 2048px) 100vw, 2048px\" \/><figcaption class=\"wp-element-caption\"><strong>Am\u00e9nagement de bureau \u00ab\u00a0assis-debout\u00a0\u00bb<\/strong><\/figcaption><\/figure>\n\n\n\n<figure class=\"wp-block-image size-large\"><img loading=\"lazy\" decoding=\"async\" width=\"2048\" height=\"1536\" data-id=\"197\" src=\"http:\/\/berizzirenov.fr\/wp-content\/uploads\/2024\/12\/IMG_1725-2048x1536.jpeg\" alt=\"\" class=\"wp-image-197\" srcset=\"https:\/\/berizzirenov.fr\/wp-content\/uploads\/2024\/12\/IMG_1725-2048x1536.jpeg 2048w, https:\/\/berizzirenov.fr\/wp-content\/uploads\/2024\/12\/IMG_1725-300x225.jpeg 300w, https:\/\/berizzirenov.fr\/wp-content\/uploads\/2024\/12\/IMG_1725-768x576.jpeg 768w, https:\/\/berizzirenov.fr\/wp-content\/uploads\/2024\/12\/IMG_1725-1536x1152.jpeg 1536w\" sizes=\"auto, (max-width: 2048px) 100vw, 2048px\" \/><figcaption class=\"wp-element-caption\"><strong>Isolation de combles<\/strong><\/figcaption><\/figure>\n\n\n\n<figure class=\"wp-block-image size-large is-style-default\"><img loading=\"lazy\" decoding=\"async\" width=\"1536\" height=\"2048\" data-id=\"194\" src=\"http:\/\/berizzirenov.fr\/wp-content\/uploads\/2024\/12\/IMG_1534-1536x2048.jpg\" alt=\"\" class=\"wp-image-194\" srcset=\"https:\/\/berizzirenov.fr\/wp-content\/uploads\/2024\/12\/IMG_1534-1536x2048.jpg 1536w, https:\/\/berizzirenov.fr\/wp-content\/uploads\/2024\/12\/IMG_1534-225x300.jpg 225w, https:\/\/berizzirenov.fr\/wp-content\/uploads\/2024\/12\/IMG_1534-768x1024.jpg 768w, https:\/\/berizzirenov.fr\/wp-content\/uploads\/2024\/12\/IMG_1534-1152x1536.jpg 1152w, https:\/\/berizzirenov.fr\/wp-content\/uploads\/2024\/12\/IMG_1534-scaled.jpg 1920w\" sizes=\"auto, (max-width: 1536px) 100vw, 1536px\" \/><figcaption class=\"wp-element-caption\"><strong>Escalier en colimasson<\/strong><\/figcaption><\/figure>\n\n\n\n<figure class=\"wp-block-image size-large\"><img loading=\"lazy\" decoding=\"async\" width=\"1200\" height=\"1600\" data-id=\"182\" src=\"http:\/\/berizzirenov.fr\/wp-content\/uploads\/2024\/12\/dbcfcfee-c369-4207-a3fa-2a0440ca16dc.jpeg\" alt=\"\" class=\"wp-image-182\" srcset=\"https:\/\/berizzirenov.fr\/wp-content\/uploads\/2024\/12\/dbcfcfee-c369-4207-a3fa-2a0440ca16dc.jpeg 1200w, https:\/\/berizzirenov.fr\/wp-content\/uploads\/2024\/12\/dbcfcfee-c369-4207-a3fa-2a0440ca16dc-225x300.jpeg 225w, https:\/\/berizzirenov.fr\/wp-content\/uploads\/2024\/12\/dbcfcfee-c369-4207-a3fa-2a0440ca16dc-768x1024.jpeg 768w, https:\/\/berizzirenov.fr\/wp-content\/uploads\/2024\/12\/dbcfcfee-c369-4207-a3fa-2a0440ca16dc-1152x1536.jpeg 1152w\" sizes=\"auto, (max-width: 1200px) 100vw, 1200px\" \/><figcaption class=\"wp-element-caption\"><strong>Cr\u00e9ation d&rsquo;un box \u00e0 animaux<\/strong><\/figcaption><\/figure>\n<\/figure>\n","protected":false},"excerpt":{"rendered":"","protected":false},"author":1,"featured_media":0,"parent":0,"menu_order":0,"comment_status":"closed","ping_status":"closed","template":"","meta":{"footnotes":""},"class_list":["post-43","page","type-page","status-publish","hentry"],"yoast_head":"<!-- This site is optimized with the Yoast SEO plugin v24.1 - https:\/\/yoast.com\/wordpress\/plugins\/seo\/ -->\n<title>Les r\u00e9alisations - BERIZZI RENOV<\/title>\n<meta name=\"robots\" content=\"index, follow, max-snippet:-1, max-image-preview:large, max-video-preview:-1\" \/>\n<link rel=\"canonical\" href=\"https:\/\/berizzirenov.fr\/?page_id=43\" \/>\n<meta property=\"og:locale\" content=\"fr_FR\" \/>\n<meta property=\"og:type\" content=\"article\" \/>\n<meta property=\"og:title\" content=\"Les r\u00e9alisations - BERIZZI RENOV\" \/>\n<meta property=\"og:url\" content=\"https:\/\/berizzirenov.fr\/?page_id=43\" \/>\n<meta property=\"og:site_name\" content=\"BERIZZI RENOV\" \/>\n<meta property=\"article:modified_time\" content=\"2025-01-04T11:14:07+00:00\" \/>\n<meta property=\"og:image\" content=\"http:\/\/berizzirenov.fr\/wp-content\/uploads\/2024\/12\/IMG_5855-2048x1365.jpeg\" \/>\n<meta name=\"twitter:card\" content=\"summary_large_image\" \/>\n<meta name=\"twitter:label1\" content=\"Dur\u00e9e de lecture estim\u00e9e\" \/>\n\t<meta name=\"twitter:data1\" content=\"5 minutes\" \/>\n<script type=\"application\/ld+json\" class=\"yoast-schema-graph\">{\"@context\":\"https:\/\/schema.org\",\"@graph\":[{\"@type\":\"WebPage\",\"@id\":\"https:\/\/berizzirenov.fr\/?page_id=43\",\"url\":\"https:\/\/berizzirenov.fr\/?page_id=43\",\"name\":\"Les r\u00e9alisations - BERIZZI RENOV\",\"isPartOf\":{\"@id\":\"https:\/\/berizzirenov.fr\/#website\"},\"primaryImageOfPage\":{\"@id\":\"https:\/\/berizzirenov.fr\/?page_id=43#primaryimage\"},\"image\":{\"@id\":\"https:\/\/berizzirenov.fr\/?page_id=43#primaryimage\"},\"thumbnailUrl\":\"http:\/\/berizzirenov.fr\/wp-content\/uploads\/2024\/12\/IMG_5855-2048x1365.jpeg\",\"datePublished\":\"2024-12-27T14:19:34+00:00\",\"dateModified\":\"2025-01-04T11:14:07+00:00\",\"breadcrumb\":{\"@id\":\"https:\/\/berizzirenov.fr\/?page_id=43#breadcrumb\"},\"inLanguage\":\"fr-FR\",\"potentialAction\":[{\"@type\":\"ReadAction\",\"target\":[\"https:\/\/berizzirenov.fr\/?page_id=43\"]}]},{\"@type\":\"ImageObject\",\"inLanguage\":\"fr-FR\",\"@id\":\"https:\/\/berizzirenov.fr\/?page_id=43#primaryimage\",\"url\":\"https:\/\/berizzirenov.fr\/wp-content\/uploads\/2024\/12\/IMG_5855-scaled.jpeg\",\"contentUrl\":\"https:\/\/berizzirenov.fr\/wp-content\/uploads\/2024\/12\/IMG_5855-scaled.jpeg\",\"width\":2560,\"height\":1707,\"caption\":\"Am\u00e9nagement d'un appartement T3\"},{\"@type\":\"BreadcrumbList\",\"@id\":\"https:\/\/berizzirenov.fr\/?page_id=43#breadcrumb\",\"itemListElement\":[{\"@type\":\"ListItem\",\"position\":1,\"name\":\"Accueil\",\"item\":\"https:\/\/berizzirenov.fr\/\"},{\"@type\":\"ListItem\",\"position\":2,\"name\":\"Les r\u00e9alisations\"}]},{\"@type\":\"WebSite\",\"@id\":\"https:\/\/berizzirenov.fr\/#website\",\"url\":\"https:\/\/berizzirenov.fr\/\",\"name\":\"BERIZZI RENOV\",\"description\":\"Valorisez votre patrimoine\",\"publisher\":{\"@id\":\"https:\/\/berizzirenov.fr\/#organization\"},\"potentialAction\":[{\"@type\":\"SearchAction\",\"target\":{\"@type\":\"EntryPoint\",\"urlTemplate\":\"https:\/\/berizzirenov.fr\/?s={search_term_string}\"},\"query-input\":{\"@type\":\"PropertyValueSpecification\",\"valueRequired\":true,\"valueName\":\"search_term_string\"}}],\"inLanguage\":\"fr-FR\"},{\"@type\":\"Organization\",\"@id\":\"https:\/\/berizzirenov.fr\/#organization\",\"name\":\"BERIZZI RENOV\",\"url\":\"https:\/\/berizzirenov.fr\/\",\"logo\":{\"@type\":\"ImageObject\",\"inLanguage\":\"fr-FR\",\"@id\":\"https:\/\/berizzirenov.fr\/#\/schema\/logo\/image\/\",\"url\":\"https:\/\/berizzirenov.fr\/wp-content\/uploads\/2024\/12\/cropped-Logo-horizontal_couleur-scaled-2.jpg\",\"contentUrl\":\"https:\/\/berizzirenov.fr\/wp-content\/uploads\/2024\/12\/cropped-Logo-horizontal_couleur-scaled-2.jpg\",\"width\":2560,\"height\":1155,\"caption\":\"BERIZZI RENOV\"},\"image\":{\"@id\":\"https:\/\/berizzirenov.fr\/#\/schema\/logo\/image\/\"}}]}<\/script>\n<!-- \/ Yoast SEO plugin. -->","yoast_head_json":{"title":"Les r\u00e9alisations - BERIZZI RENOV","robots":{"index":"index","follow":"follow","max-snippet":"max-snippet:-1","max-image-preview":"max-image-preview:large","max-video-preview":"max-video-preview:-1"},"canonical":"https:\/\/berizzirenov.fr\/?page_id=43","og_locale":"fr_FR","og_type":"article","og_title":"Les r\u00e9alisations - BERIZZI RENOV","og_url":"https:\/\/berizzirenov.fr\/?page_id=43","og_site_name":"BERIZZI RENOV","article_modified_time":"2025-01-04T11:14:07+00:00","og_image":[{"url":"http:\/\/berizzirenov.fr\/wp-content\/uploads\/2024\/12\/IMG_5855-2048x1365.jpeg","type":"","width":"","height":""}],"twitter_card":"summary_large_image","twitter_misc":{"Dur\u00e9e de lecture estim\u00e9e":"5 minutes"},"schema":{"@context":"https:\/\/schema.org","@graph":[{"@type":"WebPage","@id":"https:\/\/berizzirenov.fr\/?page_id=43","url":"https:\/\/berizzirenov.fr\/?page_id=43","name":"Les r\u00e9alisations - BERIZZI RENOV","isPartOf":{"@id":"https:\/\/berizzirenov.fr\/#website"},"primaryImageOfPage":{"@id":"https:\/\/berizzirenov.fr\/?page_id=43#primaryimage"},"image":{"@id":"https:\/\/berizzirenov.fr\/?page_id=43#primaryimage"},"thumbnailUrl":"http:\/\/berizzirenov.fr\/wp-content\/uploads\/2024\/12\/IMG_5855-2048x1365.jpeg","datePublished":"2024-12-27T14:19:34+00:00","dateModified":"2025-01-04T11:14:07+00:00","breadcrumb":{"@id":"https:\/\/berizzirenov.fr\/?page_id=43#breadcrumb"},"inLanguage":"fr-FR","potentialAction":[{"@type":"ReadAction","target":["https:\/\/berizzirenov.fr\/?page_id=43"]}]},{"@type":"ImageObject","inLanguage":"fr-FR","@id":"https:\/\/berizzirenov.fr\/?page_id=43#primaryimage","url":"https:\/\/berizzirenov.fr\/wp-content\/uploads\/2024\/12\/IMG_5855-scaled.jpeg","contentUrl":"https:\/\/berizzirenov.fr\/wp-content\/uploads\/2024\/12\/IMG_5855-scaled.jpeg","width":2560,"height":1707,"caption":"Am\u00e9nagement d'un appartement T3"},{"@type":"BreadcrumbList","@id":"https:\/\/berizzirenov.fr\/?page_id=43#breadcrumb","itemListElement":[{"@type":"ListItem","position":1,"name":"Accueil","item":"https:\/\/berizzirenov.fr\/"},{"@type":"ListItem","position":2,"name":"Les r\u00e9alisations"}]},{"@type":"WebSite","@id":"https:\/\/berizzirenov.fr\/#website","url":"https:\/\/berizzirenov.fr\/","name":"BERIZZI RENOV","description":"Valorisez votre patrimoine","publisher":{"@id":"https:\/\/berizzirenov.fr\/#organization"},"potentialAction":[{"@type":"SearchAction","target":{"@type":"EntryPoint","urlTemplate":"https:\/\/berizzirenov.fr\/?s={search_term_string}"},"query-input":{"@type":"PropertyValueSpecification","valueRequired":true,"valueName":"search_term_string"}}],"inLanguage":"fr-FR"},{"@type":"Organization","@id":"https:\/\/berizzirenov.fr\/#organization","name":"BERIZZI RENOV","url":"https:\/\/berizzirenov.fr\/","logo":{"@type":"ImageObject","inLanguage":"fr-FR","@id":"https:\/\/berizzirenov.fr\/#\/schema\/logo\/image\/","url":"https:\/\/berizzirenov.fr\/wp-content\/uploads\/2024\/12\/cropped-Logo-horizontal_couleur-scaled-2.jpg","contentUrl":"https:\/\/berizzirenov.fr\/wp-content\/uploads\/2024\/12\/cropped-Logo-horizontal_couleur-scaled-2.jpg","width":2560,"height":1155,"caption":"BERIZZI RENOV"},"image":{"@id":"https:\/\/berizzirenov.fr\/#\/schema\/logo\/image\/"}}]}},"_links":{"self":[{"href":"https:\/\/berizzirenov.fr\/index.php?rest_route=\/wp\/v2\/pages\/43","targetHints":{"allow":["GET"]}}],"collection":[{"href":"https:\/\/berizzirenov.fr\/index.php?rest_route=\/wp\/v2\/pages"}],"about":[{"href":"https:\/\/berizzirenov.fr\/index.php?rest_route=\/wp\/v2\/types\/page"}],"author":[{"embeddable":true,"href":"https:\/\/berizzirenov.fr\/index.php?rest_route=\/wp\/v2\/users\/1"}],"replies":[{"embeddable":true,"href":"https:\/\/berizzirenov.fr\/index.php?rest_route=%2Fwp%2Fv2%2Fcomments&post=43"}],"version-history":[{"count":17,"href":"https:\/\/berizzirenov.fr\/index.php?rest_route=\/wp\/v2\/pages\/43\/revisions"}],"predecessor-version":[{"id":370,"href":"https:\/\/berizzirenov.fr\/index.php?rest_route=\/wp\/v2\/pages\/43\/revisions\/370"}],"wp:attachment":[{"href":"https:\/\/berizzirenov.fr\/index.php?rest_route=%2Fwp%2Fv2%2Fmedia&parent=43"}],"curies":[{"name":"wp","href":"https:\/\/api.w.org\/{rel}","templated":true}]}}