{"id":42,"date":"2024-12-27T15:19:33","date_gmt":"2024-12-27T14:19:33","guid":{"rendered":"http:\/\/berizzirenov.fr\/?page_id=42"},"modified":"2025-01-04T11:21:25","modified_gmt":"2025-01-04T10:21:25","slug":"nos-services","status":"publish","type":"page","link":"https:\/\/berizzirenov.fr\/?page_id=42","title":{"rendered":"Isolation"},"content":{"rendered":"\n<h2 class=\"wp-block-heading\">Votre isolation par des experts dans l\u2019Ain !<\/h2>\n\n\n\n<hr class=\"wp-block-separator has-alpha-channel-opacity\"\/>\n\n\n\n<div class=\"wp-block-media-text is-stacked-on-mobile\"><figure class=\"wp-block-media-text__media\"><img loading=\"lazy\" decoding=\"async\" width=\"1623\" height=\"1080\" src=\"http:\/\/berizzirenov.fr\/wp-content\/uploads\/2025\/01\/L1012384-Grand.jpg\" alt=\"\" class=\"wp-image-238 size-full\" srcset=\"https:\/\/berizzirenov.fr\/wp-content\/uploads\/2025\/01\/L1012384-Grand.jpg 1623w, https:\/\/berizzirenov.fr\/wp-content\/uploads\/2025\/01\/L1012384-Grand-300x200.jpg 300w, https:\/\/berizzirenov.fr\/wp-content\/uploads\/2025\/01\/L1012384-Grand-768x511.jpg 768w, https:\/\/berizzirenov.fr\/wp-content\/uploads\/2025\/01\/L1012384-Grand-1536x1022.jpg 1536w\" sizes=\"auto, (max-width: 1623px) 100vw, 1623px\" \/><\/figure><div class=\"wp-block-media-text__content\">\n<p>Vous avez achet\u00e9 une maison et souhaitez refaire l\u2019isolation pr\u00e8s de Bourg-en-Bresse ou dans le d\u00e9partement de l\u2019Ain\u202f? Nous vous accompagnons dans cette \u00e9tape essentielle du second \u0153uvre en vous garantissant un travail de haute qualit\u00e9 pour votre confort et votre bien-\u00eatre.<\/p>\n<\/div><\/div>\n\n\n\n<hr class=\"wp-block-separator has-alpha-channel-opacity\"\/>\n\n\n\n<h4 class=\"wp-block-heading\">Isolation des murs par l\u2019int\u00e9rieur<\/h4>\n\n\n\n<hr class=\"wp-block-separator has-alpha-channel-opacity\"\/>\n\n\n\n<p>L\u2019isolation int\u00e9rieure est essentielle pour garantir confort, s\u00e9curit\u00e9, et \u00e9conomies d\u2019\u00e9nergie. Cette \u00e9tape incontournable ne doit pas \u00eatre n\u00e9glig\u00e9e. <\/p>\n\n\n\n<p>Deux types d\u2019isolation sont primordiaux pour les murs d\u2019une habitation :<br>\u2022 <strong>L\u2019isolation thermique<\/strong> : Elle limite les pertes de chaleur et r\u00e9duit consid\u00e9rablement les factures \u00e9nerg\u00e9tiques. Gr\u00e2ce \u00e0 notre savoir-faire, vous b\u00e9n\u00e9ficierez d\u2019un environnement confortable tout au long de l\u2019ann\u00e9e tout en r\u00e9alisant d\u2019importantes \u00e9conomies sur le chauffage et la climatisation.<br>\u2022 <strong>L\u2019isolation phonique<\/strong> : Elle r\u00e9duit les nuisances sonores provenant de l\u2019ext\u00e9rieur ou des pi\u00e8ces adjacentes. Une bonne isolation acoustique contribue \u00e0 diminuer le stress et les troubles du sommeil sur le long terme.<br>Investir dans une isolation thermique et phonique de qualit\u00e9, c\u2019est vivre dans un espace confortable et durable sans n\u00e9cessiter de maintenance fr\u00e9quente. Nous restons \u00e0 l\u2019\u00e9coute de vos besoins et de votre budget, et proposons des solutions adapt\u00e9es \u00e0 votre projet.<br>\u2022 <strong>Isolation des combles et des rampants<br><\/strong>Nous intervenons \u00e9galement pour l\u2019isolation des combles, qu\u2019ils soient perdus ou am\u00e9nageables. Sachant qu\u2019une grande partie de la chaleur se perd par la toiture, l\u2019isolation des combles est essentielle pour limiter cette d\u00e9perdition. En fonction de la hauteur sous toit, nous employons diff\u00e9rentes techniques et mat\u00e9riaux pour r\u00e9pondre \u00e0 vos besoins sp\u00e9cifiques. Nous r\u00e9alisons \u00e9galement l\u2019isolation des rampants afin de conserver au mieux la chaleur dans votre habitation.<br>\u2022 <strong>Isolation int\u00e9rieure<\/strong> : Id\u00e9ale pour les r\u00e9novations. Nous utilisons des mat\u00e9riaux performants pour les murs, plafonds et sols, assurant une isolation thermique et acoustique optimale.<br><\/p>\n\n\n\n<hr class=\"wp-block-separator has-alpha-channel-opacity\"\/>\n\n\n\n<h4 class=\"wp-block-heading\">Les avantages de nos solutions d\u2019isolation<\/h4>\n\n\n\n<hr class=\"wp-block-separator has-alpha-channel-opacity\"\/>\n\n\n\n<p>\u2022 <strong>Confort thermique<\/strong> : Une temp\u00e9rature agr\u00e9able toute l\u2019ann\u00e9e.<br>\u2022 <strong>\u00c9conomies d\u2019\u00e9nergie<\/strong> : Des factures de chauffage et climatisation r\u00e9duites.<br>\u2022 <strong>Confort acoustique<\/strong> : Une r\u00e9duction des nuisances sonores.<br>\u2022 <strong>Valorisation de votre bien<\/strong> : Une meilleure efficacit\u00e9 \u00e9nerg\u00e9tique et un design revaloris\u00e9.<br><\/p>\n\n\n\n<hr class=\"wp-block-separator has-alpha-channel-opacity\"\/>\n\n\n\n<h4 class=\"wp-block-heading\">Pourquoi nous choisir BERIZZI RENOV ?<\/h4>\n\n\n\n<hr class=\"wp-block-separator has-alpha-channel-opacity\"\/>\n\n\n\n<p>Notre \u00e9quipe d\u2019experts, form\u00e9e aux derni\u00e8res techniques d\u2019isolation, utilise des mat\u00e9riaux de haute qualit\u00e9 pour garantir des r\u00e9sultats durables. Nous offrons un service professionnel et personnalis\u00e9, adapt\u00e9 \u00e0 vos besoins et \u00e0 votre budget.<br>Notre \u00e9quipe utilise des mat\u00e9riaux de haute qualit\u00e9 et les techniques les plus r\u00e9centes pour garantir une isolation fiables et durables. Nous nous engageons \u00e0 fournir un service rapide et efficace, tout en respectant les d\u00e9lais et les budgets. Votre s\u00e9curit\u00e9 et votre satisfaction sont notre priorit\u00e9, et nous nous effor\u00e7ons de d\u00e9passer vos attentes \u00e0 chaque \u00e9tape de votre projet.<\/p>\n\n\n\n<hr class=\"wp-block-separator has-alpha-channel-opacity\"\/>\n\n\n\n<div class=\"wp-block-cover alignfull wp-duotone-dark-grayscale\" style=\"min-height:188px;aspect-ratio:unset;\"><span aria-hidden=\"true\" class=\"wp-block-cover__background has-background-dim\"><\/span><img loading=\"lazy\" decoding=\"async\" width=\"2048\" height=\"1148\" class=\"wp-block-cover__image-background wp-image-252\" alt=\"\" src=\"http:\/\/berizzirenov.fr\/wp-content\/uploads\/2025\/01\/AdobeStock_646714293-2048x1148.jpeg\" data-object-fit=\"cover\" srcset=\"https:\/\/berizzirenov.fr\/wp-content\/uploads\/2025\/01\/AdobeStock_646714293-2048x1148.jpeg 2048w, https:\/\/berizzirenov.fr\/wp-content\/uploads\/2025\/01\/AdobeStock_646714293-300x168.jpeg 300w, https:\/\/berizzirenov.fr\/wp-content\/uploads\/2025\/01\/AdobeStock_646714293-768x430.jpeg 768w, https:\/\/berizzirenov.fr\/wp-content\/uploads\/2025\/01\/AdobeStock_646714293-1536x861.jpeg 1536w\" sizes=\"auto, (max-width: 2048px) 100vw, 2048px\" \/><div class=\"wp-block-cover__inner-container is-layout-flow wp-block-cover-is-layout-flow\">\n<blockquote class=\"wp-block-quote is-layout-flow wp-block-quote-is-layout-flow\">\n<h2 class=\"wp-block-heading has-text-align-center has-medium-font-size\">BERIZZI RENOV, votre sp\u00e9cialiste des travaux tous corps d\u2019\u00e9tat \u00e0 Bourg-en-Bresse dans l\u2019Ain (01), s\u2019engage \u00e0 vous fournir des services de qualit\u00e9, adapt\u00e9s \u00e0 vos besoins sp\u00e9cifiques.<\/h2>\n<\/blockquote>\n<\/div><\/div>\n\n\n\n<p><\/p>\n","protected":false},"excerpt":{"rendered":"<p>Votre isolation par des experts dans l\u2019Ain ! Vous avez achet\u00e9 une maison et souhaitez refaire l\u2019isolation pr\u00e8s de Bourg-en-Bresse ou dans le d\u00e9partement de l\u2019Ain\u202f? Nous vous accompagnons dans&hellip;<\/p>\n","protected":false},"author":1,"featured_media":0,"parent":0,"menu_order":0,"comment_status":"closed","ping_status":"closed","template":"","meta":{"footnotes":""},"class_list":["post-42","page","type-page","status-publish","hentry"],"yoast_head":"<!-- This site is optimized with the Yoast SEO plugin v24.1 - https:\/\/yoast.com\/wordpress\/plugins\/seo\/ -->\n<title>Isolation - BERIZZI RENOV<\/title>\n<meta name=\"robots\" content=\"index, follow, max-snippet:-1, max-image-preview:large, max-video-preview:-1\" \/>\n<link rel=\"canonical\" href=\"https:\/\/berizzirenov.fr\/?page_id=42\" \/>\n<meta property=\"og:locale\" content=\"fr_FR\" \/>\n<meta property=\"og:type\" content=\"article\" \/>\n<meta property=\"og:title\" content=\"Isolation - BERIZZI RENOV\" \/>\n<meta property=\"og:description\" content=\"Votre isolation par des experts dans l\u2019Ain ! Vous avez achet\u00e9 une maison et souhaitez refaire l\u2019isolation pr\u00e8s de Bourg-en-Bresse ou dans le d\u00e9partement de l\u2019Ain\u202f? Nous vous accompagnons dans&hellip;\" \/>\n<meta property=\"og:url\" content=\"https:\/\/berizzirenov.fr\/?page_id=42\" \/>\n<meta property=\"og:site_name\" content=\"BERIZZI RENOV\" \/>\n<meta property=\"article:modified_time\" content=\"2025-01-04T10:21:25+00:00\" \/>\n<meta property=\"og:image\" content=\"http:\/\/berizzirenov.fr\/wp-content\/uploads\/2025\/01\/L1012384-Grand.jpg\" \/>\n<meta name=\"twitter:card\" content=\"summary_large_image\" \/>\n<meta name=\"twitter:label1\" content=\"Dur\u00e9e de lecture estim\u00e9e\" \/>\n\t<meta name=\"twitter:data1\" content=\"3 minutes\" \/>\n<script type=\"application\/ld+json\" class=\"yoast-schema-graph\">{\"@context\":\"https:\/\/schema.org\",\"@graph\":[{\"@type\":\"WebPage\",\"@id\":\"https:\/\/berizzirenov.fr\/?page_id=42\",\"url\":\"https:\/\/berizzirenov.fr\/?page_id=42\",\"name\":\"Isolation - BERIZZI RENOV\",\"isPartOf\":{\"@id\":\"https:\/\/berizzirenov.fr\/#website\"},\"primaryImageOfPage\":{\"@id\":\"https:\/\/berizzirenov.fr\/?page_id=42#primaryimage\"},\"image\":{\"@id\":\"https:\/\/berizzirenov.fr\/?page_id=42#primaryimage\"},\"thumbnailUrl\":\"http:\/\/berizzirenov.fr\/wp-content\/uploads\/2025\/01\/L1012384-Grand.jpg\",\"datePublished\":\"2024-12-27T14:19:33+00:00\",\"dateModified\":\"2025-01-04T10:21:25+00:00\",\"breadcrumb\":{\"@id\":\"https:\/\/berizzirenov.fr\/?page_id=42#breadcrumb\"},\"inLanguage\":\"fr-FR\",\"potentialAction\":[{\"@type\":\"ReadAction\",\"target\":[\"https:\/\/berizzirenov.fr\/?page_id=42\"]}]},{\"@type\":\"ImageObject\",\"inLanguage\":\"fr-FR\",\"@id\":\"https:\/\/berizzirenov.fr\/?page_id=42#primaryimage\",\"url\":\"https:\/\/berizzirenov.fr\/wp-content\/uploads\/2025\/01\/L1012384-Grand.jpg\",\"contentUrl\":\"https:\/\/berizzirenov.fr\/wp-content\/uploads\/2025\/01\/L1012384-Grand.jpg\",\"width\":1623,\"height\":1080},{\"@type\":\"BreadcrumbList\",\"@id\":\"https:\/\/berizzirenov.fr\/?page_id=42#breadcrumb\",\"itemListElement\":[{\"@type\":\"ListItem\",\"position\":1,\"name\":\"Accueil\",\"item\":\"https:\/\/berizzirenov.fr\/\"},{\"@type\":\"ListItem\",\"position\":2,\"name\":\"Isolation\"}]},{\"@type\":\"WebSite\",\"@id\":\"https:\/\/berizzirenov.fr\/#website\",\"url\":\"https:\/\/berizzirenov.fr\/\",\"name\":\"BERIZZI RENOV\",\"description\":\"Valorisez votre patrimoine\",\"publisher\":{\"@id\":\"https:\/\/berizzirenov.fr\/#organization\"},\"potentialAction\":[{\"@type\":\"SearchAction\",\"target\":{\"@type\":\"EntryPoint\",\"urlTemplate\":\"https:\/\/berizzirenov.fr\/?s={search_term_string}\"},\"query-input\":{\"@type\":\"PropertyValueSpecification\",\"valueRequired\":true,\"valueName\":\"search_term_string\"}}],\"inLanguage\":\"fr-FR\"},{\"@type\":\"Organization\",\"@id\":\"https:\/\/berizzirenov.fr\/#organization\",\"name\":\"BERIZZI RENOV\",\"url\":\"https:\/\/berizzirenov.fr\/\",\"logo\":{\"@type\":\"ImageObject\",\"inLanguage\":\"fr-FR\",\"@id\":\"https:\/\/berizzirenov.fr\/#\/schema\/logo\/image\/\",\"url\":\"https:\/\/berizzirenov.fr\/wp-content\/uploads\/2024\/12\/cropped-Logo-horizontal_couleur-scaled-2.jpg\",\"contentUrl\":\"https:\/\/berizzirenov.fr\/wp-content\/uploads\/2024\/12\/cropped-Logo-horizontal_couleur-scaled-2.jpg\",\"width\":2560,\"height\":1155,\"caption\":\"BERIZZI RENOV\"},\"image\":{\"@id\":\"https:\/\/berizzirenov.fr\/#\/schema\/logo\/image\/\"}}]}<\/script>\n<!-- \/ Yoast SEO plugin. -->","yoast_head_json":{"title":"Isolation - BERIZZI RENOV","robots":{"index":"index","follow":"follow","max-snippet":"max-snippet:-1","max-image-preview":"max-image-preview:large","max-video-preview":"max-video-preview:-1"},"canonical":"https:\/\/berizzirenov.fr\/?page_id=42","og_locale":"fr_FR","og_type":"article","og_title":"Isolation - BERIZZI RENOV","og_description":"Votre isolation par des experts dans l\u2019Ain ! Vous avez achet\u00e9 une maison et souhaitez refaire l\u2019isolation pr\u00e8s de Bourg-en-Bresse ou dans le d\u00e9partement de l\u2019Ain\u202f? Nous vous accompagnons dans&hellip;","og_url":"https:\/\/berizzirenov.fr\/?page_id=42","og_site_name":"BERIZZI RENOV","article_modified_time":"2025-01-04T10:21:25+00:00","og_image":[{"url":"http:\/\/berizzirenov.fr\/wp-content\/uploads\/2025\/01\/L1012384-Grand.jpg","type":"","width":"","height":""}],"twitter_card":"summary_large_image","twitter_misc":{"Dur\u00e9e de lecture estim\u00e9e":"3 minutes"},"schema":{"@context":"https:\/\/schema.org","@graph":[{"@type":"WebPage","@id":"https:\/\/berizzirenov.fr\/?page_id=42","url":"https:\/\/berizzirenov.fr\/?page_id=42","name":"Isolation - BERIZZI RENOV","isPartOf":{"@id":"https:\/\/berizzirenov.fr\/#website"},"primaryImageOfPage":{"@id":"https:\/\/berizzirenov.fr\/?page_id=42#primaryimage"},"image":{"@id":"https:\/\/berizzirenov.fr\/?page_id=42#primaryimage"},"thumbnailUrl":"http:\/\/berizzirenov.fr\/wp-content\/uploads\/2025\/01\/L1012384-Grand.jpg","datePublished":"2024-12-27T14:19:33+00:00","dateModified":"2025-01-04T10:21:25+00:00","breadcrumb":{"@id":"https:\/\/berizzirenov.fr\/?page_id=42#breadcrumb"},"inLanguage":"fr-FR","potentialAction":[{"@type":"ReadAction","target":["https:\/\/berizzirenov.fr\/?page_id=42"]}]},{"@type":"ImageObject","inLanguage":"fr-FR","@id":"https:\/\/berizzirenov.fr\/?page_id=42#primaryimage","url":"https:\/\/berizzirenov.fr\/wp-content\/uploads\/2025\/01\/L1012384-Grand.jpg","contentUrl":"https:\/\/berizzirenov.fr\/wp-content\/uploads\/2025\/01\/L1012384-Grand.jpg","width":1623,"height":1080},{"@type":"BreadcrumbList","@id":"https:\/\/berizzirenov.fr\/?page_id=42#breadcrumb","itemListElement":[{"@type":"ListItem","position":1,"name":"Accueil","item":"https:\/\/berizzirenov.fr\/"},{"@type":"ListItem","position":2,"name":"Isolation"}]},{"@type":"WebSite","@id":"https:\/\/berizzirenov.fr\/#website","url":"https:\/\/berizzirenov.fr\/","name":"BERIZZI RENOV","description":"Valorisez votre patrimoine","publisher":{"@id":"https:\/\/berizzirenov.fr\/#organization"},"potentialAction":[{"@type":"SearchAction","target":{"@type":"EntryPoint","urlTemplate":"https:\/\/berizzirenov.fr\/?s={search_term_string}"},"query-input":{"@type":"PropertyValueSpecification","valueRequired":true,"valueName":"search_term_string"}}],"inLanguage":"fr-FR"},{"@type":"Organization","@id":"https:\/\/berizzirenov.fr\/#organization","name":"BERIZZI RENOV","url":"https:\/\/berizzirenov.fr\/","logo":{"@type":"ImageObject","inLanguage":"fr-FR","@id":"https:\/\/berizzirenov.fr\/#\/schema\/logo\/image\/","url":"https:\/\/berizzirenov.fr\/wp-content\/uploads\/2024\/12\/cropped-Logo-horizontal_couleur-scaled-2.jpg","contentUrl":"https:\/\/berizzirenov.fr\/wp-content\/uploads\/2024\/12\/cropped-Logo-horizontal_couleur-scaled-2.jpg","width":2560,"height":1155,"caption":"BERIZZI RENOV"},"image":{"@id":"https:\/\/berizzirenov.fr\/#\/schema\/logo\/image\/"}}]}},"_links":{"self":[{"href":"https:\/\/berizzirenov.fr\/index.php?rest_route=\/wp\/v2\/pages\/42","targetHints":{"allow":["GET"]}}],"collection":[{"href":"https:\/\/berizzirenov.fr\/index.php?rest_route=\/wp\/v2\/pages"}],"about":[{"href":"https:\/\/berizzirenov.fr\/index.php?rest_route=\/wp\/v2\/types\/page"}],"author":[{"embeddable":true,"href":"https:\/\/berizzirenov.fr\/index.php?rest_route=\/wp\/v2\/users\/1"}],"replies":[{"embeddable":true,"href":"https:\/\/berizzirenov.fr\/index.php?rest_route=%2Fwp%2Fv2%2Fcomments&post=42"}],"version-history":[{"count":15,"href":"https:\/\/berizzirenov.fr\/index.php?rest_route=\/wp\/v2\/pages\/42\/revisions"}],"predecessor-version":[{"id":316,"href":"https:\/\/berizzirenov.fr\/index.php?rest_route=\/wp\/v2\/pages\/42\/revisions\/316"}],"wp:attachment":[{"href":"https:\/\/berizzirenov.fr\/index.php?rest_route=%2Fwp%2Fv2%2Fmedia&parent=42"}],"curies":[{"name":"wp","href":"https:\/\/api.w.org\/{rel}","templated":true}]}}