{"id":270,"date":"2025-01-04T10:16:24","date_gmt":"2025-01-04T09:16:24","guid":{"rendered":"http:\/\/berizzirenov.fr\/?page_id=270"},"modified":"2025-01-04T11:38:35","modified_gmt":"2025-01-04T10:38:35","slug":"plans-2d-et-3d-2","status":"publish","type":"page","link":"https:\/\/berizzirenov.fr\/?page_id=270","title":{"rendered":"Plans 2D et 3D"},"content":{"rendered":"\n<div class=\"wp-block-media-text is-stacked-on-mobile\"><figure class=\"wp-block-media-text__media\"><img loading=\"lazy\" decoding=\"async\" width=\"1920\" height=\"1080\" src=\"http:\/\/berizzirenov.fr\/wp-content\/uploads\/2024\/12\/plans-2D-et-3D.jpeg\" alt=\"\" class=\"wp-image-174 size-full\" srcset=\"https:\/\/berizzirenov.fr\/wp-content\/uploads\/2024\/12\/plans-2D-et-3D.jpeg 1920w, https:\/\/berizzirenov.fr\/wp-content\/uploads\/2024\/12\/plans-2D-et-3D-300x169.jpeg 300w, https:\/\/berizzirenov.fr\/wp-content\/uploads\/2024\/12\/plans-2D-et-3D-768x432.jpeg 768w, https:\/\/berizzirenov.fr\/wp-content\/uploads\/2024\/12\/plans-2D-et-3D-1536x864.jpeg 1536w\" sizes=\"auto, (max-width: 1920px) 100vw, 1920px\" \/><\/figure><div class=\"wp-block-media-text__content\">\n<p>BERIZZI RENOV, votre partenaire de confiance pour la conception et la visualisation de vos projets. Gr\u00e2ce \u00e0 nos services sp\u00e9cialis\u00e9s en plans 2D et 3D, nous vous aidons \u00e0 donner vie \u00e0 vos id\u00e9es, qu\u2019il s\u2019agisse d\u2019un projet professionnel ou r\u00e9sidentiel. Notre expertise nous permet de vous accompagner \u00e0 chaque \u00e9tape, depuis la planification jusqu\u2019\u00e0 la r\u00e9alisation, en prenant en compte vos besoins sp\u00e9cifiques et les contraintes techniques.<\/p>\n<\/div><\/div>\n\n\n\n<hr class=\"wp-block-separator has-alpha-channel-opacity\"\/>\n\n\n\n<h4 class=\"wp-block-heading\">Plans 2D et Techniques<\/h4>\n\n\n\n<hr class=\"wp-block-separator has-alpha-channel-opacity\"\/>\n\n\n\n<p><br>\u2022 Repr\u00e9sentation claire et pr\u00e9cise pour une meilleure planification.<br>\u2022 Respect des normes techniques et r\u00e9glementaires.<br>\u2022 Conception de r\u00e9seaux d\u2019eau et d\u2019\u00e9lectricit\u00e9.<br>\u2022 Plans d\u00e9taill\u00e9s pour faciliter l\u2019ex\u00e9cution des travaux.<br>Visuels 3D et Plans d\u2019Am\u00e9nagement Int\u00e9rieur<br>\u2022 Visualisation immersive et r\u00e9aliste pour se projeter dans le projet final.<br>\u2022 Int\u00e9gration des d\u00e9tails sur les mat\u00e9riaux, couleurs et agencement.<br>\u2022 Plans d\u2019am\u00e9nagement optimis\u00e9s pour maximiser le potentiel des espaces.<br>\u2022 Solutions personnalis\u00e9es alliant esth\u00e9tique et fonctionnalit\u00e9.<br><\/p>\n\n\n\n<hr class=\"wp-block-separator has-alpha-channel-opacity\"\/>\n\n\n\n<div class=\"wp-block-cover alignfull\" style=\"min-height:262px;aspect-ratio:unset;\"><span aria-hidden=\"true\" class=\"wp-block-cover__background has-background-dim\"><\/span><img loading=\"lazy\" decoding=\"async\" width=\"2048\" height=\"1148\" class=\"wp-block-cover__image-background wp-image-252\" alt=\"\" src=\"http:\/\/berizzirenov.fr\/wp-content\/uploads\/2025\/01\/AdobeStock_646714293-2048x1148.jpeg\" data-object-fit=\"cover\" srcset=\"https:\/\/berizzirenov.fr\/wp-content\/uploads\/2025\/01\/AdobeStock_646714293-2048x1148.jpeg 2048w, https:\/\/berizzirenov.fr\/wp-content\/uploads\/2025\/01\/AdobeStock_646714293-300x168.jpeg 300w, https:\/\/berizzirenov.fr\/wp-content\/uploads\/2025\/01\/AdobeStock_646714293-768x430.jpeg 768w, https:\/\/berizzirenov.fr\/wp-content\/uploads\/2025\/01\/AdobeStock_646714293-1536x861.jpeg 1536w\" sizes=\"auto, (max-width: 2048px) 100vw, 2048px\" \/><div class=\"wp-block-cover__inner-container is-layout-flow wp-block-cover-is-layout-flow\">\n<blockquote class=\"wp-block-quote has-text-align-center is-layout-flow wp-block-quote-is-layout-flow\">\n<h2 class=\"wp-block-heading has-medium-font-size\">BERIZZI RENOV, votre sp\u00e9cialiste des travaux tous corps d\u2019\u00e9tat \u00e0 Bourg-en-Bresse dans l\u2019Ain (01), s\u2019engage \u00e0 vous fournir des services de qualit\u00e9, adapt\u00e9s \u00e0 vos besoins sp\u00e9cifiques.<\/h2>\n<\/blockquote>\n<\/div><\/div>\n","protected":false},"excerpt":{"rendered":"<p>BERIZZI RENOV, votre partenaire de confiance pour la conception et la visualisation de vos projets. Gr\u00e2ce \u00e0 nos services sp\u00e9cialis\u00e9s en plans 2D et 3D, nous vous aidons \u00e0 donner&hellip;<\/p>\n","protected":false},"author":1,"featured_media":0,"parent":0,"menu_order":0,"comment_status":"closed","ping_status":"closed","template":"","meta":{"footnotes":""},"class_list":["post-270","page","type-page","status-publish","hentry"],"yoast_head":"<!-- This site is optimized with the Yoast SEO plugin v24.1 - https:\/\/yoast.com\/wordpress\/plugins\/seo\/ -->\n<title>Plans 2D et 3D - BERIZZI RENOV<\/title>\n<meta name=\"robots\" content=\"index, follow, max-snippet:-1, max-image-preview:large, max-video-preview:-1\" \/>\n<link rel=\"canonical\" href=\"https:\/\/berizzirenov.fr\/?page_id=270\" \/>\n<meta property=\"og:locale\" content=\"fr_FR\" \/>\n<meta property=\"og:type\" content=\"article\" \/>\n<meta property=\"og:title\" content=\"Plans 2D et 3D - BERIZZI RENOV\" \/>\n<meta property=\"og:description\" content=\"BERIZZI RENOV, votre partenaire de confiance pour la conception et la visualisation de vos projets. Gr\u00e2ce \u00e0 nos services sp\u00e9cialis\u00e9s en plans 2D et 3D, nous vous aidons \u00e0 donner&hellip;\" \/>\n<meta property=\"og:url\" content=\"https:\/\/berizzirenov.fr\/?page_id=270\" \/>\n<meta property=\"og:site_name\" content=\"BERIZZI RENOV\" \/>\n<meta property=\"article:modified_time\" content=\"2025-01-04T10:38:35+00:00\" \/>\n<meta property=\"og:image\" content=\"http:\/\/berizzirenov.fr\/wp-content\/uploads\/2024\/12\/plans-2D-et-3D.jpeg\" \/>\n<meta name=\"twitter:card\" content=\"summary_large_image\" \/>\n<meta name=\"twitter:label1\" content=\"Dur\u00e9e de lecture estim\u00e9e\" \/>\n\t<meta name=\"twitter:data1\" content=\"2 minutes\" \/>\n<script type=\"application\/ld+json\" class=\"yoast-schema-graph\">{\"@context\":\"https:\/\/schema.org\",\"@graph\":[{\"@type\":\"WebPage\",\"@id\":\"https:\/\/berizzirenov.fr\/?page_id=270\",\"url\":\"https:\/\/berizzirenov.fr\/?page_id=270\",\"name\":\"Plans 2D et 3D - BERIZZI RENOV\",\"isPartOf\":{\"@id\":\"https:\/\/berizzirenov.fr\/#website\"},\"primaryImageOfPage\":{\"@id\":\"https:\/\/berizzirenov.fr\/?page_id=270#primaryimage\"},\"image\":{\"@id\":\"https:\/\/berizzirenov.fr\/?page_id=270#primaryimage\"},\"thumbnailUrl\":\"http:\/\/berizzirenov.fr\/wp-content\/uploads\/2024\/12\/plans-2D-et-3D.jpeg\",\"datePublished\":\"2025-01-04T09:16:24+00:00\",\"dateModified\":\"2025-01-04T10:38:35+00:00\",\"breadcrumb\":{\"@id\":\"https:\/\/berizzirenov.fr\/?page_id=270#breadcrumb\"},\"inLanguage\":\"fr-FR\",\"potentialAction\":[{\"@type\":\"ReadAction\",\"target\":[\"https:\/\/berizzirenov.fr\/?page_id=270\"]}]},{\"@type\":\"ImageObject\",\"inLanguage\":\"fr-FR\",\"@id\":\"https:\/\/berizzirenov.fr\/?page_id=270#primaryimage\",\"url\":\"https:\/\/berizzirenov.fr\/wp-content\/uploads\/2024\/12\/plans-2D-et-3D.jpeg\",\"contentUrl\":\"https:\/\/berizzirenov.fr\/wp-content\/uploads\/2024\/12\/plans-2D-et-3D.jpeg\",\"width\":1920,\"height\":1080},{\"@type\":\"BreadcrumbList\",\"@id\":\"https:\/\/berizzirenov.fr\/?page_id=270#breadcrumb\",\"itemListElement\":[{\"@type\":\"ListItem\",\"position\":1,\"name\":\"Accueil\",\"item\":\"https:\/\/berizzirenov.fr\/\"},{\"@type\":\"ListItem\",\"position\":2,\"name\":\"Plans 2D et 3D\"}]},{\"@type\":\"WebSite\",\"@id\":\"https:\/\/berizzirenov.fr\/#website\",\"url\":\"https:\/\/berizzirenov.fr\/\",\"name\":\"BERIZZI RENOV\",\"description\":\"Valorisez votre patrimoine\",\"publisher\":{\"@id\":\"https:\/\/berizzirenov.fr\/#organization\"},\"potentialAction\":[{\"@type\":\"SearchAction\",\"target\":{\"@type\":\"EntryPoint\",\"urlTemplate\":\"https:\/\/berizzirenov.fr\/?s={search_term_string}\"},\"query-input\":{\"@type\":\"PropertyValueSpecification\",\"valueRequired\":true,\"valueName\":\"search_term_string\"}}],\"inLanguage\":\"fr-FR\"},{\"@type\":\"Organization\",\"@id\":\"https:\/\/berizzirenov.fr\/#organization\",\"name\":\"BERIZZI RENOV\",\"url\":\"https:\/\/berizzirenov.fr\/\",\"logo\":{\"@type\":\"ImageObject\",\"inLanguage\":\"fr-FR\",\"@id\":\"https:\/\/berizzirenov.fr\/#\/schema\/logo\/image\/\",\"url\":\"https:\/\/berizzirenov.fr\/wp-content\/uploads\/2024\/12\/cropped-Logo-horizontal_couleur-scaled-2.jpg\",\"contentUrl\":\"https:\/\/berizzirenov.fr\/wp-content\/uploads\/2024\/12\/cropped-Logo-horizontal_couleur-scaled-2.jpg\",\"width\":2560,\"height\":1155,\"caption\":\"BERIZZI RENOV\"},\"image\":{\"@id\":\"https:\/\/berizzirenov.fr\/#\/schema\/logo\/image\/\"}}]}<\/script>\n<!-- \/ Yoast SEO plugin. -->","yoast_head_json":{"title":"Plans 2D et 3D - BERIZZI RENOV","robots":{"index":"index","follow":"follow","max-snippet":"max-snippet:-1","max-image-preview":"max-image-preview:large","max-video-preview":"max-video-preview:-1"},"canonical":"https:\/\/berizzirenov.fr\/?page_id=270","og_locale":"fr_FR","og_type":"article","og_title":"Plans 2D et 3D - BERIZZI RENOV","og_description":"BERIZZI RENOV, votre partenaire de confiance pour la conception et la visualisation de vos projets. Gr\u00e2ce \u00e0 nos services sp\u00e9cialis\u00e9s en plans 2D et 3D, nous vous aidons \u00e0 donner&hellip;","og_url":"https:\/\/berizzirenov.fr\/?page_id=270","og_site_name":"BERIZZI RENOV","article_modified_time":"2025-01-04T10:38:35+00:00","og_image":[{"url":"http:\/\/berizzirenov.fr\/wp-content\/uploads\/2024\/12\/plans-2D-et-3D.jpeg","type":"","width":"","height":""}],"twitter_card":"summary_large_image","twitter_misc":{"Dur\u00e9e de lecture estim\u00e9e":"2 minutes"},"schema":{"@context":"https:\/\/schema.org","@graph":[{"@type":"WebPage","@id":"https:\/\/berizzirenov.fr\/?page_id=270","url":"https:\/\/berizzirenov.fr\/?page_id=270","name":"Plans 2D et 3D - BERIZZI RENOV","isPartOf":{"@id":"https:\/\/berizzirenov.fr\/#website"},"primaryImageOfPage":{"@id":"https:\/\/berizzirenov.fr\/?page_id=270#primaryimage"},"image":{"@id":"https:\/\/berizzirenov.fr\/?page_id=270#primaryimage"},"thumbnailUrl":"http:\/\/berizzirenov.fr\/wp-content\/uploads\/2024\/12\/plans-2D-et-3D.jpeg","datePublished":"2025-01-04T09:16:24+00:00","dateModified":"2025-01-04T10:38:35+00:00","breadcrumb":{"@id":"https:\/\/berizzirenov.fr\/?page_id=270#breadcrumb"},"inLanguage":"fr-FR","potentialAction":[{"@type":"ReadAction","target":["https:\/\/berizzirenov.fr\/?page_id=270"]}]},{"@type":"ImageObject","inLanguage":"fr-FR","@id":"https:\/\/berizzirenov.fr\/?page_id=270#primaryimage","url":"https:\/\/berizzirenov.fr\/wp-content\/uploads\/2024\/12\/plans-2D-et-3D.jpeg","contentUrl":"https:\/\/berizzirenov.fr\/wp-content\/uploads\/2024\/12\/plans-2D-et-3D.jpeg","width":1920,"height":1080},{"@type":"BreadcrumbList","@id":"https:\/\/berizzirenov.fr\/?page_id=270#breadcrumb","itemListElement":[{"@type":"ListItem","position":1,"name":"Accueil","item":"https:\/\/berizzirenov.fr\/"},{"@type":"ListItem","position":2,"name":"Plans 2D et 3D"}]},{"@type":"WebSite","@id":"https:\/\/berizzirenov.fr\/#website","url":"https:\/\/berizzirenov.fr\/","name":"BERIZZI RENOV","description":"Valorisez votre patrimoine","publisher":{"@id":"https:\/\/berizzirenov.fr\/#organization"},"potentialAction":[{"@type":"SearchAction","target":{"@type":"EntryPoint","urlTemplate":"https:\/\/berizzirenov.fr\/?s={search_term_string}"},"query-input":{"@type":"PropertyValueSpecification","valueRequired":true,"valueName":"search_term_string"}}],"inLanguage":"fr-FR"},{"@type":"Organization","@id":"https:\/\/berizzirenov.fr\/#organization","name":"BERIZZI RENOV","url":"https:\/\/berizzirenov.fr\/","logo":{"@type":"ImageObject","inLanguage":"fr-FR","@id":"https:\/\/berizzirenov.fr\/#\/schema\/logo\/image\/","url":"https:\/\/berizzirenov.fr\/wp-content\/uploads\/2024\/12\/cropped-Logo-horizontal_couleur-scaled-2.jpg","contentUrl":"https:\/\/berizzirenov.fr\/wp-content\/uploads\/2024\/12\/cropped-Logo-horizontal_couleur-scaled-2.jpg","width":2560,"height":1155,"caption":"BERIZZI RENOV"},"image":{"@id":"https:\/\/berizzirenov.fr\/#\/schema\/logo\/image\/"}}]}},"_links":{"self":[{"href":"https:\/\/berizzirenov.fr\/index.php?rest_route=\/wp\/v2\/pages\/270","targetHints":{"allow":["GET"]}}],"collection":[{"href":"https:\/\/berizzirenov.fr\/index.php?rest_route=\/wp\/v2\/pages"}],"about":[{"href":"https:\/\/berizzirenov.fr\/index.php?rest_route=\/wp\/v2\/types\/page"}],"author":[{"embeddable":true,"href":"https:\/\/berizzirenov.fr\/index.php?rest_route=\/wp\/v2\/users\/1"}],"replies":[{"embeddable":true,"href":"https:\/\/berizzirenov.fr\/index.php?rest_route=%2Fwp%2Fv2%2Fcomments&post=270"}],"version-history":[{"count":3,"href":"https:\/\/berizzirenov.fr\/index.php?rest_route=\/wp\/v2\/pages\/270\/revisions"}],"predecessor-version":[{"id":334,"href":"https:\/\/berizzirenov.fr\/index.php?rest_route=\/wp\/v2\/pages\/270\/revisions\/334"}],"wp:attachment":[{"href":"https:\/\/berizzirenov.fr\/index.php?rest_route=%2Fwp%2Fv2%2Fmedia&parent=270"}],"curies":[{"name":"wp","href":"https:\/\/api.w.org\/{rel}","templated":true}]}}