{"id":268,"date":"2025-01-04T10:16:07","date_gmt":"2025-01-04T09:16:07","guid":{"rendered":"http:\/\/berizzirenov.fr\/?page_id=268"},"modified":"2025-01-04T11:35:50","modified_gmt":"2025-01-04T10:35:50","slug":"charpente-bois","status":"publish","type":"page","link":"https:\/\/berizzirenov.fr\/?page_id=268","title":{"rendered":"Charpente bois"},"content":{"rendered":"\n<div class=\"wp-block-media-text is-stacked-on-mobile\"><figure class=\"wp-block-media-text__media\"><img loading=\"lazy\" decoding=\"async\" width=\"2048\" height=\"1536\" src=\"http:\/\/berizzirenov.fr\/wp-content\/uploads\/2024\/12\/IMG_0642-2048x1536.jpeg\" alt=\"\" class=\"wp-image-184 size-full\" srcset=\"https:\/\/berizzirenov.fr\/wp-content\/uploads\/2024\/12\/IMG_0642-2048x1536.jpeg 2048w, https:\/\/berizzirenov.fr\/wp-content\/uploads\/2024\/12\/IMG_0642-300x225.jpeg 300w, https:\/\/berizzirenov.fr\/wp-content\/uploads\/2024\/12\/IMG_0642-768x576.jpeg 768w, https:\/\/berizzirenov.fr\/wp-content\/uploads\/2024\/12\/IMG_0642-1536x1152.jpeg 1536w\" sizes=\"auto, (max-width: 2048px) 100vw, 2048px\" \/><\/figure><div class=\"wp-block-media-text__content\">\n<p>BERIZZI RENOV sp\u00e9cialis\u00e9s dans les travaux de charpente et d\u2019am\u00e9nagement int\u00e9rieur tout corps d\u2019\u00e9tat. Gr\u00e2ce \u00e0 notre expertise, nous vous proposons des solutions sur mesure pour transformer vos espaces et renforcer vos structures, tout en garantissant qualit\u00e9 et durabilit\u00e9.<\/p>\n<\/div><\/div>\n\n\n\n<hr class=\"wp-block-separator has-alpha-channel-opacity\"\/>\n\n\n\n<h4 class=\"wp-block-heading\">Charpente bois<\/h4>\n\n\n\n<hr class=\"wp-block-separator has-alpha-channel-opacity\"\/>\n\n\n\n<p>Nos Prestations : <br>\u2022 <strong>Charpente bois<\/strong> : construction, r\u00e9novation et renforcement de structures.<br>\u2022 <strong>Planchers bois <\/strong>: cr\u00e9ation de plancher et tr\u00e9mie d\u2019escalier adapt\u00e9es \u00e0 vos besoins.<br>\u2022 <strong>Am\u00e9nagement de combles<\/strong> : transformation des espaces inutilis\u00e9s en pi\u00e8ces fonctionnelles et lumineuses.<br>\u2022 <strong>Installation de fen\u00eatres de toit (type VELUX) <\/strong>: pour optimiser la lumi\u00e8re naturelle et la ventilation.<br><\/p>\n\n\n\n<hr class=\"wp-block-separator has-alpha-channel-opacity\"\/>\n\n\n\n<h4 class=\"wp-block-heading\">Avantages de l\u2019Am\u00e9nagement des Combles<\/h4>\n\n\n\n<hr class=\"wp-block-separator has-alpha-channel-opacity\"\/>\n\n\n\n<p><br>\u2022 <strong>Optimisation de l\u2019espace<\/strong> : ajoutez des m\u00e8tres carr\u00e9s habitables sans agrandir votre maison.<br>\u2022 <strong>Lumi\u00e8re naturelle<\/strong> : gr\u00e2ce \u00e0 l\u2019installation de fen\u00eatres de toit VELUX, b\u00e9n\u00e9ficiez d\u2019une meilleure luminosit\u00e9 et d\u2019une a\u00e9ration optimale.<br>\u2022 <strong>Valorisation du bien<\/strong> : augmentez la valeur immobili\u00e8re de votre maison.<br>\u2022 <strong>Isolation am\u00e9lior\u00e9e<\/strong> : profitez d\u2019un meilleur confort thermique et acoustique.<br><\/p>\n\n\n\n<hr class=\"wp-block-separator has-alpha-channel-opacity\"\/>\n\n\n\n<h4 class=\"wp-block-heading\">Avantage des fen\u00eatres de toit (velux)<\/h4>\n\n\n\n<hr class=\"wp-block-separator has-alpha-channel-opacity\"\/>\n\n\n\n<p><br>\u2022 R\u00e9duction des besoins en \u00e9clairage artificiel.<br>\u2022 R\u00e9gulation de l\u2019humidit\u00e9 gr\u00e2ce \u00e0 une ventilation efficace.<br>\u2022 Design moderne qui s\u2019int\u00e8gre parfaitement \u00e0 votre toiture.<br><\/p>\n\n\n\n<hr class=\"wp-block-separator has-alpha-channel-opacity\"\/>\n\n\n\n<div class=\"wp-block-cover alignfull\" style=\"min-height:266px;aspect-ratio:unset;\"><span aria-hidden=\"true\" class=\"wp-block-cover__background has-background-dim\"><\/span><img loading=\"lazy\" decoding=\"async\" width=\"2048\" height=\"1148\" class=\"wp-block-cover__image-background wp-image-252\" alt=\"\" src=\"http:\/\/berizzirenov.fr\/wp-content\/uploads\/2025\/01\/AdobeStock_646714293-2048x1148.jpeg\" data-object-fit=\"cover\" srcset=\"https:\/\/berizzirenov.fr\/wp-content\/uploads\/2025\/01\/AdobeStock_646714293-2048x1148.jpeg 2048w, https:\/\/berizzirenov.fr\/wp-content\/uploads\/2025\/01\/AdobeStock_646714293-300x168.jpeg 300w, https:\/\/berizzirenov.fr\/wp-content\/uploads\/2025\/01\/AdobeStock_646714293-768x430.jpeg 768w, https:\/\/berizzirenov.fr\/wp-content\/uploads\/2025\/01\/AdobeStock_646714293-1536x861.jpeg 1536w\" sizes=\"auto, (max-width: 2048px) 100vw, 2048px\" \/><div class=\"wp-block-cover__inner-container is-layout-flow wp-block-cover-is-layout-flow\">\n<blockquote class=\"wp-block-quote has-text-align-center is-layout-flow wp-block-quote-is-layout-flow\">\n<h2 class=\"wp-block-heading has-medium-font-size\">BERIZZI RENOV, votre sp\u00e9cialiste des travaux tous corps d\u2019\u00e9tat \u00e0 Bourg-en-Bresse dans l\u2019Ain (01), s\u2019engage \u00e0 vous fournir des services de qualit\u00e9, adapt\u00e9s \u00e0 vos besoins sp\u00e9cifiques.<\/h2>\n<\/blockquote>\n<\/div><\/div>\n","protected":false},"excerpt":{"rendered":"<p>BERIZZI RENOV sp\u00e9cialis\u00e9s dans les travaux de charpente et d\u2019am\u00e9nagement int\u00e9rieur tout corps d\u2019\u00e9tat. Gr\u00e2ce \u00e0 notre expertise, nous vous proposons des solutions sur mesure pour transformer vos espaces et&hellip;<\/p>\n","protected":false},"author":1,"featured_media":0,"parent":0,"menu_order":0,"comment_status":"closed","ping_status":"closed","template":"","meta":{"footnotes":""},"class_list":["post-268","page","type-page","status-publish","hentry"],"yoast_head":"<!-- This site is optimized with the Yoast SEO plugin v24.1 - https:\/\/yoast.com\/wordpress\/plugins\/seo\/ -->\n<title>Charpente bois - BERIZZI RENOV<\/title>\n<meta name=\"robots\" content=\"index, follow, max-snippet:-1, max-image-preview:large, max-video-preview:-1\" \/>\n<link rel=\"canonical\" href=\"https:\/\/berizzirenov.fr\/?page_id=268\" \/>\n<meta property=\"og:locale\" content=\"fr_FR\" \/>\n<meta property=\"og:type\" content=\"article\" \/>\n<meta property=\"og:title\" content=\"Charpente bois - BERIZZI RENOV\" \/>\n<meta property=\"og:description\" content=\"BERIZZI RENOV sp\u00e9cialis\u00e9s dans les travaux de charpente et d\u2019am\u00e9nagement int\u00e9rieur tout corps d\u2019\u00e9tat. Gr\u00e2ce \u00e0 notre expertise, nous vous proposons des solutions sur mesure pour transformer vos espaces et&hellip;\" \/>\n<meta property=\"og:url\" content=\"https:\/\/berizzirenov.fr\/?page_id=268\" \/>\n<meta property=\"og:site_name\" content=\"BERIZZI RENOV\" \/>\n<meta property=\"article:modified_time\" content=\"2025-01-04T10:35:50+00:00\" \/>\n<meta property=\"og:image\" content=\"http:\/\/berizzirenov.fr\/wp-content\/uploads\/2024\/12\/IMG_0642-2048x1536.jpeg\" \/>\n<meta name=\"twitter:card\" content=\"summary_large_image\" \/>\n<meta name=\"twitter:label1\" content=\"Dur\u00e9e de lecture estim\u00e9e\" \/>\n\t<meta name=\"twitter:data1\" content=\"2 minutes\" \/>\n<script type=\"application\/ld+json\" class=\"yoast-schema-graph\">{\"@context\":\"https:\/\/schema.org\",\"@graph\":[{\"@type\":\"WebPage\",\"@id\":\"https:\/\/berizzirenov.fr\/?page_id=268\",\"url\":\"https:\/\/berizzirenov.fr\/?page_id=268\",\"name\":\"Charpente bois - BERIZZI RENOV\",\"isPartOf\":{\"@id\":\"https:\/\/berizzirenov.fr\/#website\"},\"primaryImageOfPage\":{\"@id\":\"https:\/\/berizzirenov.fr\/?page_id=268#primaryimage\"},\"image\":{\"@id\":\"https:\/\/berizzirenov.fr\/?page_id=268#primaryimage\"},\"thumbnailUrl\":\"http:\/\/berizzirenov.fr\/wp-content\/uploads\/2024\/12\/IMG_0642-2048x1536.jpeg\",\"datePublished\":\"2025-01-04T09:16:07+00:00\",\"dateModified\":\"2025-01-04T10:35:50+00:00\",\"breadcrumb\":{\"@id\":\"https:\/\/berizzirenov.fr\/?page_id=268#breadcrumb\"},\"inLanguage\":\"fr-FR\",\"potentialAction\":[{\"@type\":\"ReadAction\",\"target\":[\"https:\/\/berizzirenov.fr\/?page_id=268\"]}]},{\"@type\":\"ImageObject\",\"inLanguage\":\"fr-FR\",\"@id\":\"https:\/\/berizzirenov.fr\/?page_id=268#primaryimage\",\"url\":\"https:\/\/berizzirenov.fr\/wp-content\/uploads\/2024\/12\/IMG_0642-scaled.jpeg\",\"contentUrl\":\"https:\/\/berizzirenov.fr\/wp-content\/uploads\/2024\/12\/IMG_0642-scaled.jpeg\",\"width\":2560,\"height\":1920,\"caption\":\"Cr\u00e9ation d'un plancher bois et d'une fen\u00eatre de toit\"},{\"@type\":\"BreadcrumbList\",\"@id\":\"https:\/\/berizzirenov.fr\/?page_id=268#breadcrumb\",\"itemListElement\":[{\"@type\":\"ListItem\",\"position\":1,\"name\":\"Accueil\",\"item\":\"https:\/\/berizzirenov.fr\/\"},{\"@type\":\"ListItem\",\"position\":2,\"name\":\"Charpente bois\"}]},{\"@type\":\"WebSite\",\"@id\":\"https:\/\/berizzirenov.fr\/#website\",\"url\":\"https:\/\/berizzirenov.fr\/\",\"name\":\"BERIZZI RENOV\",\"description\":\"Valorisez votre patrimoine\",\"publisher\":{\"@id\":\"https:\/\/berizzirenov.fr\/#organization\"},\"potentialAction\":[{\"@type\":\"SearchAction\",\"target\":{\"@type\":\"EntryPoint\",\"urlTemplate\":\"https:\/\/berizzirenov.fr\/?s={search_term_string}\"},\"query-input\":{\"@type\":\"PropertyValueSpecification\",\"valueRequired\":true,\"valueName\":\"search_term_string\"}}],\"inLanguage\":\"fr-FR\"},{\"@type\":\"Organization\",\"@id\":\"https:\/\/berizzirenov.fr\/#organization\",\"name\":\"BERIZZI RENOV\",\"url\":\"https:\/\/berizzirenov.fr\/\",\"logo\":{\"@type\":\"ImageObject\",\"inLanguage\":\"fr-FR\",\"@id\":\"https:\/\/berizzirenov.fr\/#\/schema\/logo\/image\/\",\"url\":\"https:\/\/berizzirenov.fr\/wp-content\/uploads\/2024\/12\/cropped-Logo-horizontal_couleur-scaled-2.jpg\",\"contentUrl\":\"https:\/\/berizzirenov.fr\/wp-content\/uploads\/2024\/12\/cropped-Logo-horizontal_couleur-scaled-2.jpg\",\"width\":2560,\"height\":1155,\"caption\":\"BERIZZI RENOV\"},\"image\":{\"@id\":\"https:\/\/berizzirenov.fr\/#\/schema\/logo\/image\/\"}}]}<\/script>\n<!-- \/ Yoast SEO plugin. -->","yoast_head_json":{"title":"Charpente bois - BERIZZI RENOV","robots":{"index":"index","follow":"follow","max-snippet":"max-snippet:-1","max-image-preview":"max-image-preview:large","max-video-preview":"max-video-preview:-1"},"canonical":"https:\/\/berizzirenov.fr\/?page_id=268","og_locale":"fr_FR","og_type":"article","og_title":"Charpente bois - BERIZZI RENOV","og_description":"BERIZZI RENOV sp\u00e9cialis\u00e9s dans les travaux de charpente et d\u2019am\u00e9nagement int\u00e9rieur tout corps d\u2019\u00e9tat. Gr\u00e2ce \u00e0 notre expertise, nous vous proposons des solutions sur mesure pour transformer vos espaces et&hellip;","og_url":"https:\/\/berizzirenov.fr\/?page_id=268","og_site_name":"BERIZZI RENOV","article_modified_time":"2025-01-04T10:35:50+00:00","og_image":[{"url":"http:\/\/berizzirenov.fr\/wp-content\/uploads\/2024\/12\/IMG_0642-2048x1536.jpeg","type":"","width":"","height":""}],"twitter_card":"summary_large_image","twitter_misc":{"Dur\u00e9e de lecture estim\u00e9e":"2 minutes"},"schema":{"@context":"https:\/\/schema.org","@graph":[{"@type":"WebPage","@id":"https:\/\/berizzirenov.fr\/?page_id=268","url":"https:\/\/berizzirenov.fr\/?page_id=268","name":"Charpente bois - BERIZZI RENOV","isPartOf":{"@id":"https:\/\/berizzirenov.fr\/#website"},"primaryImageOfPage":{"@id":"https:\/\/berizzirenov.fr\/?page_id=268#primaryimage"},"image":{"@id":"https:\/\/berizzirenov.fr\/?page_id=268#primaryimage"},"thumbnailUrl":"http:\/\/berizzirenov.fr\/wp-content\/uploads\/2024\/12\/IMG_0642-2048x1536.jpeg","datePublished":"2025-01-04T09:16:07+00:00","dateModified":"2025-01-04T10:35:50+00:00","breadcrumb":{"@id":"https:\/\/berizzirenov.fr\/?page_id=268#breadcrumb"},"inLanguage":"fr-FR","potentialAction":[{"@type":"ReadAction","target":["https:\/\/berizzirenov.fr\/?page_id=268"]}]},{"@type":"ImageObject","inLanguage":"fr-FR","@id":"https:\/\/berizzirenov.fr\/?page_id=268#primaryimage","url":"https:\/\/berizzirenov.fr\/wp-content\/uploads\/2024\/12\/IMG_0642-scaled.jpeg","contentUrl":"https:\/\/berizzirenov.fr\/wp-content\/uploads\/2024\/12\/IMG_0642-scaled.jpeg","width":2560,"height":1920,"caption":"Cr\u00e9ation d'un plancher bois et d'une fen\u00eatre de toit"},{"@type":"BreadcrumbList","@id":"https:\/\/berizzirenov.fr\/?page_id=268#breadcrumb","itemListElement":[{"@type":"ListItem","position":1,"name":"Accueil","item":"https:\/\/berizzirenov.fr\/"},{"@type":"ListItem","position":2,"name":"Charpente bois"}]},{"@type":"WebSite","@id":"https:\/\/berizzirenov.fr\/#website","url":"https:\/\/berizzirenov.fr\/","name":"BERIZZI RENOV","description":"Valorisez votre patrimoine","publisher":{"@id":"https:\/\/berizzirenov.fr\/#organization"},"potentialAction":[{"@type":"SearchAction","target":{"@type":"EntryPoint","urlTemplate":"https:\/\/berizzirenov.fr\/?s={search_term_string}"},"query-input":{"@type":"PropertyValueSpecification","valueRequired":true,"valueName":"search_term_string"}}],"inLanguage":"fr-FR"},{"@type":"Organization","@id":"https:\/\/berizzirenov.fr\/#organization","name":"BERIZZI RENOV","url":"https:\/\/berizzirenov.fr\/","logo":{"@type":"ImageObject","inLanguage":"fr-FR","@id":"https:\/\/berizzirenov.fr\/#\/schema\/logo\/image\/","url":"https:\/\/berizzirenov.fr\/wp-content\/uploads\/2024\/12\/cropped-Logo-horizontal_couleur-scaled-2.jpg","contentUrl":"https:\/\/berizzirenov.fr\/wp-content\/uploads\/2024\/12\/cropped-Logo-horizontal_couleur-scaled-2.jpg","width":2560,"height":1155,"caption":"BERIZZI RENOV"},"image":{"@id":"https:\/\/berizzirenov.fr\/#\/schema\/logo\/image\/"}}]}},"_links":{"self":[{"href":"https:\/\/berizzirenov.fr\/index.php?rest_route=\/wp\/v2\/pages\/268","targetHints":{"allow":["GET"]}}],"collection":[{"href":"https:\/\/berizzirenov.fr\/index.php?rest_route=\/wp\/v2\/pages"}],"about":[{"href":"https:\/\/berizzirenov.fr\/index.php?rest_route=\/wp\/v2\/types\/page"}],"author":[{"embeddable":true,"href":"https:\/\/berizzirenov.fr\/index.php?rest_route=\/wp\/v2\/users\/1"}],"replies":[{"embeddable":true,"href":"https:\/\/berizzirenov.fr\/index.php?rest_route=%2Fwp%2Fv2%2Fcomments&post=268"}],"version-history":[{"count":5,"href":"https:\/\/berizzirenov.fr\/index.php?rest_route=\/wp\/v2\/pages\/268\/revisions"}],"predecessor-version":[{"id":330,"href":"https:\/\/berizzirenov.fr\/index.php?rest_route=\/wp\/v2\/pages\/268\/revisions\/330"}],"wp:attachment":[{"href":"https:\/\/berizzirenov.fr\/index.php?rest_route=%2Fwp%2Fv2%2Fmedia&parent=268"}],"curies":[{"name":"wp","href":"https:\/\/api.w.org\/{rel}","templated":true}]}}