{"id":266,"date":"2025-01-04T10:15:52","date_gmt":"2025-01-04T09:15:52","guid":{"rendered":"http:\/\/berizzirenov.fr\/?page_id=266"},"modified":"2025-01-04T11:30:08","modified_gmt":"2025-01-04T10:30:08","slug":"menuiseries","status":"publish","type":"page","link":"https:\/\/berizzirenov.fr\/?page_id=266","title":{"rendered":"Menuiseries"},"content":{"rendered":"\n<h2 class=\"wp-block-heading\">Votre expert de la menuiserie dans l\u2019Ain<\/h2>\n\n\n\n<div class=\"wp-block-group is-nowrap is-layout-flex wp-container-core-group-is-layout-ad2f72ca wp-block-group-is-layout-flex\">\n<div class=\"wp-block-media-text is-stacked-on-mobile\"><figure class=\"wp-block-media-text__media\"><img loading=\"lazy\" decoding=\"async\" width=\"2048\" height=\"1365\" src=\"http:\/\/berizzirenov.fr\/wp-content\/uploads\/2024\/12\/cuisine-renovee-2048x1365.jpg\" alt=\"\" class=\"wp-image-171 size-full\" srcset=\"https:\/\/berizzirenov.fr\/wp-content\/uploads\/2024\/12\/cuisine-renovee-2048x1365.jpg 2048w, https:\/\/berizzirenov.fr\/wp-content\/uploads\/2024\/12\/cuisine-renovee-300x200.jpg 300w, https:\/\/berizzirenov.fr\/wp-content\/uploads\/2024\/12\/cuisine-renovee-768x512.jpg 768w, https:\/\/berizzirenov.fr\/wp-content\/uploads\/2024\/12\/cuisine-renovee-1536x1024.jpg 1536w\" sizes=\"auto, (max-width: 2048px) 100vw, 2048px\" \/><\/figure><div class=\"wp-block-media-text__content\">\n<p>Nous offrons des services de menuiserie de haute qualit\u00e9 pour r\u00e9pondre \u00e0 tous vos besoins en mati\u00e8re de bois \u00e0 l\u2019int\u00e9rieur de votre habitation. Que ce soit pour la r\u00e9novation de vos \u00e9l\u00e9ments en bois existants ou pour l\u2019installation de nouvelles structures, notre \u00e9quipe de menuisiers qualifi\u00e9s est \u00e0 votre disposition pour r\u00e9aliser des projets \u00e0 la fois fonctionnels et esth\u00e9tiques.<\/p>\n<\/div><\/div>\n\n\n\n<p><\/p>\n<\/div>\n\n\n\n<hr class=\"wp-block-separator has-alpha-channel-opacity\"\/>\n\n\n\n<h4 class=\"wp-block-heading\">Travaux de menuiserie<\/h4>\n\n\n\n<hr class=\"wp-block-separator has-alpha-channel-opacity\"\/>\n\n\n\n<div class=\"wp-block-group is-nowrap is-layout-flex wp-container-core-group-is-layout-ad2f72ca wp-block-group-is-layout-flex\">\n<hr class=\"wp-block-separator has-alpha-channel-opacity\"\/>\n\n\n\n<p>Nos services incluent :<br>\u2022 <strong>R\u00e9novation de menuiseries int\u00e9rieurs<\/strong> : R\u00e9paration et restauration de vos portes, escaliers, et autres \u00e9l\u00e9ments en bois pour leur redonner une nouvelle vie.<br>\u2022 <strong>Travaux de finition<\/strong> : Application de vernis, peintures, et autres finitions pour prot\u00e9ger et embellir vos \u00e9l\u00e9ments en bois.<br><\/p>\n<\/div>\n\n\n\n<hr class=\"wp-block-separator has-alpha-channel-opacity\"\/>\n\n\n\n<h4 class=\"wp-block-heading\">Pose de cuisine<br><\/h4>\n\n\n\n<hr class=\"wp-block-separator has-alpha-channel-opacity\"\/>\n\n\n\n<p>Nous sommes sp\u00e9cialis\u00e9s dans la pose de cuisines modernes et fonctionnelles, con\u00e7ues pour r\u00e9pondre \u00e0 vos besoins et refl\u00e9ter votre style. Notre \u00e9quipe d\u2019experts vous accompagne \u00e0 chaque \u00e9tape, de la conception \u00e0 l\u2019installation, en passant par le choix des mat\u00e9riaux et des \u00e9quipements. Nous nous engageons \u00e0 transformer votre espace culinaire en un lieu pratique.<br><\/p>\n\n\n\n<p>Nos services incluent :<br>\u2022 <strong>Conception personnalis\u00e9e<\/strong> : Cr\u00e9ation de plans sur mesure pour une cuisine qui s\u2019adapte parfaitement \u00e0 votre espace et \u00e0 vos pr\u00e9f\u00e9rences.<br>\u2022 <strong>Choix des mat\u00e9riaux<\/strong> : S\u00e9lection de mat\u00e9riaux de haute qualit\u00e9 pour les comptoirs, les armoires et les rev\u00eatements de sol, garantissant durabilit\u00e9 et \u00e9l\u00e9gance.<br>\u2022 <strong>Installation professionnelle<\/strong> : Montage et installation de meubles de cuisine, raccordement des appareils \u00e9lectrom\u00e9nagers, et mise en place des syst\u00e8mes de plomberie et d\u2019\u00e9lectricit\u00e9.<br>\u2022 <strong>Finitions et d\u00e9tails<\/strong> : Soins apport\u00e9s aux finitions, tels que les poign\u00e9es de portes, les \u00e9clairages int\u00e9gr\u00e9s et les accessoires, pour une cuisine harmonieuse et compl\u00e8te.<br>Nous cr\u00e9ons pour vous la cuisine id\u00e9ale, en prenant soin d\u2019utiliser des mat\u00e9riaux de haute qualit\u00e9 et en veillant \u00e0 chaque d\u00e9tail pour garantir un r\u00e9sultat parfait.<\/p>\n\n\n\n<hr class=\"wp-block-separator has-alpha-channel-opacity\"\/>\n\n\n\n<div class=\"wp-block-cover alignfull\" style=\"min-height:256px;aspect-ratio:unset;\"><span aria-hidden=\"true\" class=\"wp-block-cover__background has-background-dim\"><\/span><img loading=\"lazy\" decoding=\"async\" width=\"2048\" height=\"1148\" class=\"wp-block-cover__image-background wp-image-252\" alt=\"\" src=\"http:\/\/berizzirenov.fr\/wp-content\/uploads\/2025\/01\/AdobeStock_646714293-2048x1148.jpeg\" data-object-fit=\"cover\" srcset=\"https:\/\/berizzirenov.fr\/wp-content\/uploads\/2025\/01\/AdobeStock_646714293-2048x1148.jpeg 2048w, https:\/\/berizzirenov.fr\/wp-content\/uploads\/2025\/01\/AdobeStock_646714293-300x168.jpeg 300w, https:\/\/berizzirenov.fr\/wp-content\/uploads\/2025\/01\/AdobeStock_646714293-768x430.jpeg 768w, https:\/\/berizzirenov.fr\/wp-content\/uploads\/2025\/01\/AdobeStock_646714293-1536x861.jpeg 1536w\" sizes=\"auto, (max-width: 2048px) 100vw, 2048px\" \/><div class=\"wp-block-cover__inner-container is-layout-flow wp-block-cover-is-layout-flow\">\n<blockquote class=\"wp-block-quote is-layout-flow wp-block-quote-is-layout-flow\">\n<h2 class=\"wp-block-heading has-text-align-center has-medium-font-size\">BERIZZI RENOV, votre sp\u00e9cialiste des travaux tous corps d\u2019\u00e9tat \u00e0 Bourg-en-Bresse dans l\u2019Ain (01), s\u2019engage \u00e0 vous fournir des services de qualit\u00e9, adapt\u00e9s \u00e0 vos besoins sp\u00e9cifiques.<\/h2>\n<\/blockquote>\n<\/div><\/div>\n\n\n\n<p><\/p>\n","protected":false},"excerpt":{"rendered":"<p>Votre expert de la menuiserie dans l\u2019Ain Nous offrons des services de menuiserie de haute qualit\u00e9 pour r\u00e9pondre \u00e0 tous vos besoins en mati\u00e8re de bois \u00e0 l\u2019int\u00e9rieur de votre&hellip;<\/p>\n","protected":false},"author":1,"featured_media":0,"parent":0,"menu_order":0,"comment_status":"closed","ping_status":"closed","template":"","meta":{"footnotes":""},"class_list":["post-266","page","type-page","status-publish","hentry"],"yoast_head":"<!-- This site is optimized with the Yoast SEO plugin v24.1 - https:\/\/yoast.com\/wordpress\/plugins\/seo\/ -->\n<title>Menuiseries - BERIZZI RENOV<\/title>\n<meta name=\"robots\" content=\"index, follow, max-snippet:-1, max-image-preview:large, max-video-preview:-1\" \/>\n<link rel=\"canonical\" href=\"https:\/\/berizzirenov.fr\/?page_id=266\" \/>\n<meta property=\"og:locale\" content=\"fr_FR\" \/>\n<meta property=\"og:type\" content=\"article\" \/>\n<meta property=\"og:title\" content=\"Menuiseries - BERIZZI RENOV\" \/>\n<meta property=\"og:description\" content=\"Votre expert de la menuiserie dans l\u2019Ain Nous offrons des services de menuiserie de haute qualit\u00e9 pour r\u00e9pondre \u00e0 tous vos besoins en mati\u00e8re de bois \u00e0 l\u2019int\u00e9rieur de votre&hellip;\" \/>\n<meta property=\"og:url\" content=\"https:\/\/berizzirenov.fr\/?page_id=266\" \/>\n<meta property=\"og:site_name\" content=\"BERIZZI RENOV\" \/>\n<meta property=\"article:modified_time\" content=\"2025-01-04T10:30:08+00:00\" \/>\n<meta property=\"og:image\" content=\"http:\/\/berizzirenov.fr\/wp-content\/uploads\/2024\/12\/cuisine-renovee-2048x1365.jpg\" \/>\n<meta name=\"twitter:card\" content=\"summary_large_image\" \/>\n<meta name=\"twitter:label1\" content=\"Dur\u00e9e de lecture estim\u00e9e\" \/>\n\t<meta name=\"twitter:data1\" content=\"2 minutes\" \/>\n<script type=\"application\/ld+json\" class=\"yoast-schema-graph\">{\"@context\":\"https:\/\/schema.org\",\"@graph\":[{\"@type\":\"WebPage\",\"@id\":\"https:\/\/berizzirenov.fr\/?page_id=266\",\"url\":\"https:\/\/berizzirenov.fr\/?page_id=266\",\"name\":\"Menuiseries - BERIZZI RENOV\",\"isPartOf\":{\"@id\":\"https:\/\/berizzirenov.fr\/#website\"},\"primaryImageOfPage\":{\"@id\":\"https:\/\/berizzirenov.fr\/?page_id=266#primaryimage\"},\"image\":{\"@id\":\"https:\/\/berizzirenov.fr\/?page_id=266#primaryimage\"},\"thumbnailUrl\":\"http:\/\/berizzirenov.fr\/wp-content\/uploads\/2024\/12\/cuisine-renovee-2048x1365.jpg\",\"datePublished\":\"2025-01-04T09:15:52+00:00\",\"dateModified\":\"2025-01-04T10:30:08+00:00\",\"breadcrumb\":{\"@id\":\"https:\/\/berizzirenov.fr\/?page_id=266#breadcrumb\"},\"inLanguage\":\"fr-FR\",\"potentialAction\":[{\"@type\":\"ReadAction\",\"target\":[\"https:\/\/berizzirenov.fr\/?page_id=266\"]}]},{\"@type\":\"ImageObject\",\"inLanguage\":\"fr-FR\",\"@id\":\"https:\/\/berizzirenov.fr\/?page_id=266#primaryimage\",\"url\":\"https:\/\/berizzirenov.fr\/wp-content\/uploads\/2024\/12\/cuisine-renovee-scaled.jpg\",\"contentUrl\":\"https:\/\/berizzirenov.fr\/wp-content\/uploads\/2024\/12\/cuisine-renovee-scaled.jpg\",\"width\":2560,\"height\":1707},{\"@type\":\"BreadcrumbList\",\"@id\":\"https:\/\/berizzirenov.fr\/?page_id=266#breadcrumb\",\"itemListElement\":[{\"@type\":\"ListItem\",\"position\":1,\"name\":\"Accueil\",\"item\":\"https:\/\/berizzirenov.fr\/\"},{\"@type\":\"ListItem\",\"position\":2,\"name\":\"Menuiseries\"}]},{\"@type\":\"WebSite\",\"@id\":\"https:\/\/berizzirenov.fr\/#website\",\"url\":\"https:\/\/berizzirenov.fr\/\",\"name\":\"BERIZZI RENOV\",\"description\":\"Valorisez votre patrimoine\",\"publisher\":{\"@id\":\"https:\/\/berizzirenov.fr\/#organization\"},\"potentialAction\":[{\"@type\":\"SearchAction\",\"target\":{\"@type\":\"EntryPoint\",\"urlTemplate\":\"https:\/\/berizzirenov.fr\/?s={search_term_string}\"},\"query-input\":{\"@type\":\"PropertyValueSpecification\",\"valueRequired\":true,\"valueName\":\"search_term_string\"}}],\"inLanguage\":\"fr-FR\"},{\"@type\":\"Organization\",\"@id\":\"https:\/\/berizzirenov.fr\/#organization\",\"name\":\"BERIZZI RENOV\",\"url\":\"https:\/\/berizzirenov.fr\/\",\"logo\":{\"@type\":\"ImageObject\",\"inLanguage\":\"fr-FR\",\"@id\":\"https:\/\/berizzirenov.fr\/#\/schema\/logo\/image\/\",\"url\":\"https:\/\/berizzirenov.fr\/wp-content\/uploads\/2024\/12\/cropped-Logo-horizontal_couleur-scaled-2.jpg\",\"contentUrl\":\"https:\/\/berizzirenov.fr\/wp-content\/uploads\/2024\/12\/cropped-Logo-horizontal_couleur-scaled-2.jpg\",\"width\":2560,\"height\":1155,\"caption\":\"BERIZZI RENOV\"},\"image\":{\"@id\":\"https:\/\/berizzirenov.fr\/#\/schema\/logo\/image\/\"}}]}<\/script>\n<!-- \/ Yoast SEO plugin. -->","yoast_head_json":{"title":"Menuiseries - BERIZZI RENOV","robots":{"index":"index","follow":"follow","max-snippet":"max-snippet:-1","max-image-preview":"max-image-preview:large","max-video-preview":"max-video-preview:-1"},"canonical":"https:\/\/berizzirenov.fr\/?page_id=266","og_locale":"fr_FR","og_type":"article","og_title":"Menuiseries - BERIZZI RENOV","og_description":"Votre expert de la menuiserie dans l\u2019Ain Nous offrons des services de menuiserie de haute qualit\u00e9 pour r\u00e9pondre \u00e0 tous vos besoins en mati\u00e8re de bois \u00e0 l\u2019int\u00e9rieur de votre&hellip;","og_url":"https:\/\/berizzirenov.fr\/?page_id=266","og_site_name":"BERIZZI RENOV","article_modified_time":"2025-01-04T10:30:08+00:00","og_image":[{"url":"http:\/\/berizzirenov.fr\/wp-content\/uploads\/2024\/12\/cuisine-renovee-2048x1365.jpg","type":"","width":"","height":""}],"twitter_card":"summary_large_image","twitter_misc":{"Dur\u00e9e de lecture estim\u00e9e":"2 minutes"},"schema":{"@context":"https:\/\/schema.org","@graph":[{"@type":"WebPage","@id":"https:\/\/berizzirenov.fr\/?page_id=266","url":"https:\/\/berizzirenov.fr\/?page_id=266","name":"Menuiseries - BERIZZI RENOV","isPartOf":{"@id":"https:\/\/berizzirenov.fr\/#website"},"primaryImageOfPage":{"@id":"https:\/\/berizzirenov.fr\/?page_id=266#primaryimage"},"image":{"@id":"https:\/\/berizzirenov.fr\/?page_id=266#primaryimage"},"thumbnailUrl":"http:\/\/berizzirenov.fr\/wp-content\/uploads\/2024\/12\/cuisine-renovee-2048x1365.jpg","datePublished":"2025-01-04T09:15:52+00:00","dateModified":"2025-01-04T10:30:08+00:00","breadcrumb":{"@id":"https:\/\/berizzirenov.fr\/?page_id=266#breadcrumb"},"inLanguage":"fr-FR","potentialAction":[{"@type":"ReadAction","target":["https:\/\/berizzirenov.fr\/?page_id=266"]}]},{"@type":"ImageObject","inLanguage":"fr-FR","@id":"https:\/\/berizzirenov.fr\/?page_id=266#primaryimage","url":"https:\/\/berizzirenov.fr\/wp-content\/uploads\/2024\/12\/cuisine-renovee-scaled.jpg","contentUrl":"https:\/\/berizzirenov.fr\/wp-content\/uploads\/2024\/12\/cuisine-renovee-scaled.jpg","width":2560,"height":1707},{"@type":"BreadcrumbList","@id":"https:\/\/berizzirenov.fr\/?page_id=266#breadcrumb","itemListElement":[{"@type":"ListItem","position":1,"name":"Accueil","item":"https:\/\/berizzirenov.fr\/"},{"@type":"ListItem","position":2,"name":"Menuiseries"}]},{"@type":"WebSite","@id":"https:\/\/berizzirenov.fr\/#website","url":"https:\/\/berizzirenov.fr\/","name":"BERIZZI RENOV","description":"Valorisez votre patrimoine","publisher":{"@id":"https:\/\/berizzirenov.fr\/#organization"},"potentialAction":[{"@type":"SearchAction","target":{"@type":"EntryPoint","urlTemplate":"https:\/\/berizzirenov.fr\/?s={search_term_string}"},"query-input":{"@type":"PropertyValueSpecification","valueRequired":true,"valueName":"search_term_string"}}],"inLanguage":"fr-FR"},{"@type":"Organization","@id":"https:\/\/berizzirenov.fr\/#organization","name":"BERIZZI RENOV","url":"https:\/\/berizzirenov.fr\/","logo":{"@type":"ImageObject","inLanguage":"fr-FR","@id":"https:\/\/berizzirenov.fr\/#\/schema\/logo\/image\/","url":"https:\/\/berizzirenov.fr\/wp-content\/uploads\/2024\/12\/cropped-Logo-horizontal_couleur-scaled-2.jpg","contentUrl":"https:\/\/berizzirenov.fr\/wp-content\/uploads\/2024\/12\/cropped-Logo-horizontal_couleur-scaled-2.jpg","width":2560,"height":1155,"caption":"BERIZZI RENOV"},"image":{"@id":"https:\/\/berizzirenov.fr\/#\/schema\/logo\/image\/"}}]}},"_links":{"self":[{"href":"https:\/\/berizzirenov.fr\/index.php?rest_route=\/wp\/v2\/pages\/266","targetHints":{"allow":["GET"]}}],"collection":[{"href":"https:\/\/berizzirenov.fr\/index.php?rest_route=\/wp\/v2\/pages"}],"about":[{"href":"https:\/\/berizzirenov.fr\/index.php?rest_route=\/wp\/v2\/types\/page"}],"author":[{"embeddable":true,"href":"https:\/\/berizzirenov.fr\/index.php?rest_route=\/wp\/v2\/users\/1"}],"replies":[{"embeddable":true,"href":"https:\/\/berizzirenov.fr\/index.php?rest_route=%2Fwp%2Fv2%2Fcomments&post=266"}],"version-history":[{"count":6,"href":"https:\/\/berizzirenov.fr\/index.php?rest_route=\/wp\/v2\/pages\/266\/revisions"}],"predecessor-version":[{"id":323,"href":"https:\/\/berizzirenov.fr\/index.php?rest_route=\/wp\/v2\/pages\/266\/revisions\/323"}],"wp:attachment":[{"href":"https:\/\/berizzirenov.fr\/index.php?rest_route=%2Fwp%2Fv2%2Fmedia&parent=266"}],"curies":[{"name":"wp","href":"https:\/\/api.w.org\/{rel}","templated":true}]}}