{"id":264,"date":"2025-01-04T10:15:35","date_gmt":"2025-01-04T09:15:35","guid":{"rendered":"http:\/\/berizzirenov.fr\/?page_id=264"},"modified":"2025-01-04T10:58:32","modified_gmt":"2025-01-04T09:58:32","slug":"electricite","status":"publish","type":"page","link":"https:\/\/berizzirenov.fr\/?page_id=264","title":{"rendered":"\u00c9lectricit\u00e9"},"content":{"rendered":"\n<h2 class=\"wp-block-heading\">Votre expert de l\u2019\u00e9lectricit\u00e9 dans l\u2019Ain<\/h2>\n\n\n\n<hr class=\"wp-block-separator has-alpha-channel-opacity\"\/>\n\n\n\n<div class=\"wp-block-media-text is-stacked-on-mobile\" style=\"grid-template-columns:31% auto\"><figure class=\"wp-block-media-text__media\"><img loading=\"lazy\" decoding=\"async\" width=\"1365\" height=\"2048\" src=\"http:\/\/berizzirenov.fr\/wp-content\/uploads\/2024\/12\/tableau-electrique-1365x2048.jpeg\" alt=\"\" class=\"wp-image-168 size-full\" srcset=\"https:\/\/berizzirenov.fr\/wp-content\/uploads\/2024\/12\/tableau-electrique-1365x2048.jpeg 1365w, https:\/\/berizzirenov.fr\/wp-content\/uploads\/2024\/12\/tableau-electrique-200x300.jpeg 200w, https:\/\/berizzirenov.fr\/wp-content\/uploads\/2024\/12\/tableau-electrique-768x1152.jpeg 768w, https:\/\/berizzirenov.fr\/wp-content\/uploads\/2024\/12\/tableau-electrique-1024x1536.jpeg 1024w, https:\/\/berizzirenov.fr\/wp-content\/uploads\/2024\/12\/tableau-electrique-scaled.jpeg 1707w\" sizes=\"auto, (max-width: 1365px) 100vw, 1365px\" \/><\/figure><div class=\"wp-block-media-text__content\">\n<p>BERIZZI RENOV poss\u00e8de une solide exp\u00e9rience dans les travaux d\u2019\u00e9lectricit\u00e9 et r\u00e9pond \u00e0 tous vos besoins, que vous soyez en pleine r\u00e9novation ou en construction. <\/p>\n\n\n\n<p>Nous sommes \u00e9galement sp\u00e9cialis\u00e9s dans l&rsquo;installation de radiateurs \u00e9lectriques \u00e0 inertie, garantissant ainsi un confort optimal et des \u00e9conomies d\u2019\u00e9nergie. Si vous avez besoin d\u2019un \u00e9lectricien \u00e0 Bourg-en-Bresse ou dans les environs, n\u2019h\u00e9sitez pas \u00e0 nous contacter !<\/p>\n<\/div><\/div>\n\n\n\n<hr class=\"wp-block-separator has-alpha-channel-opacity\"\/>\n\n\n\n<h4 class=\"wp-block-heading\">Votre installation \u00e9lectrique en toute s\u00e9curit\u00e9<\/h4>\n\n\n\n<hr class=\"wp-block-separator has-alpha-channel-opacity\"\/>\n\n\n\n<p>Nos \u00e9lectriciens \u00e0 Bourg-en-Bresse vous proposent un large \u00e9ventail de prestations adapt\u00e9es \u00e0 votre maison ou appartement. Nous vous accompagnons dans chaque \u00e9tape de votre projet, que ce soit pour la cr\u00e9ation d\u2019un r\u00e9seau \u00e9lectrique complet, l\u2019installation d\u2019appareils \u00e9lectriques, ou la conception du circuit \u00e9lectrique de votre salle de bain et de votre cuisine. <\/p>\n\n\n\n<p>Nous nous occupons \u00e9galement de la mise en place ou de la remise aux normes de votre tableau \u00e9lectrique. <br>Nous installons des syst\u00e8mes d\u2019interphones, ainsi que des prises de tous types, y compris RJ45 (Ethernet) et des interrupteurs. <\/p>\n\n\n\n<p>Pour garantir votre s\u00e9curit\u00e9, Berizzi Renov veille \u00e0 ce que votre logement en r\u00e9novation ou en construction respecte la norme \u00e9lectrique NFC 15-100, en d\u00e9finissant :<br><strong>\u2022 Le nombre d\u2019interrupteurs diff\u00e9rentiels<br>\u2022 La r\u00e9partition des circuits<br>\u2022 Le calcul de l\u2019intensit\u00e9<\/strong><\/p>\n\n\n\n<hr class=\"wp-block-separator has-alpha-channel-opacity\"\/>\n\n\n\n<h4 class=\"wp-block-heading\">Chauffagiste \u00e0 Bourg-en-Bresse<\/h4>\n\n\n\n<hr class=\"wp-block-separator has-alpha-channel-opacity\"\/>\n\n\n\n<p>Vous \u00eates en phase de r\u00e9novation ou de construction et vous vous interrogez sur le type de chauffage le plus adapt\u00e9 \u00e0 vos besoins ? <\/p>\n\n\n\n<p>Berizzi Renov se sp\u00e9cialise dans l\u2019installation de radiateurs \u00e0 inertie, qui se d\u00e9clinent en deux types :<\/p>\n\n\n\n<p>\u2022 <strong>Radiateur \u00e0 Inertie S\u00e8che<\/strong> : Il accumule la chaleur produite par les r\u00e9sistances \u00e9lectriques et la diffuse de mani\u00e8re uniforme dans la pi\u00e8ce.<\/p>\n\n\n\n<p>\u2022 <strong>Radiateur \u00e0 Inertie Fluide<\/strong> : Dans ce mod\u00e8le, une r\u00e9sistance chauffe un liquide caloporteur \u00e0 l\u2019int\u00e9rieur de l\u2019appareil, permettant de r\u00e9guler la temp\u00e9rature gr\u00e2ce \u00e0 un thermostat.<br>Nous sommes \u00e0 l&rsquo;\u00e9coute de votre projet et pr\u00eats \u00e0 vous conseiller sur le syst\u00e8me de chauffage le plus appropri\u00e9 pour votre confort.<\/p>\n\n\n\n<ol class=\"wp-block-list\"><\/ol>\n\n\n\n<hr class=\"wp-block-separator has-alpha-channel-opacity\"\/>\n\n\n\n<h4 class=\"wp-block-heading\">\u00c9lectricit\u00e9<\/h4>\n\n\n\n<hr class=\"wp-block-separator has-alpha-channel-opacity\"\/>\n\n\n\n<p>Le service complet de r\u00e9novation \u00e9lectrique garantit la s\u00e9curit\u00e9 et l\u2019efficacit\u00e9 de vos installations. Notre \u00e9quipe d\u2019\u00e9lectriciens certifi\u00e9s est sp\u00e9cialis\u00e9e dans la mise \u00e0 jour et la refonte des syst\u00e8mes \u00e9lectriques de votre maison, assurant qu\u2019ils r\u00e9pondent aux normes actuelles et \u00e0 vos besoins sp\u00e9cifiques.<br><\/p>\n\n\n\n<p>Nos services \u00e9lectriques incluent :<\/p>\n\n\n\n<p>\u2022 <strong>Diagnostic et inspection<\/strong> : \u00c9valuation compl\u00e8te de l\u2019\u00e9tat de vos installations \u00e9lectriques actuelles pour identifier les am\u00e9liorations n\u00e9cessaires.<br>\u2022 <strong>Remise aux normes<\/strong> : Mise \u00e0 jour de votre syst\u00e8me \u00e9lectrique pour garantir qu\u2019il r\u00e9pond aux normes de s\u00e9curit\u00e9 en vigueur.<br>\u2022 <strong>Installation de nouveaux syst\u00e8mes<\/strong> : Conception et installation de nouveaux circuits, tableaux \u00e9lectriques, prises, interrupteurs et \u00e9clairages.<br>\u2022 <strong>R\u00e9paration et maintenance<\/strong> : R\u00e9paration de pannes \u00e9lectriques, remplacement de c\u00e2blage d\u00e9fectueux et entretien r\u00e9gulier pour assurer la durabilit\u00e9 de vos installations.<\/p>\n\n\n\n<hr class=\"wp-block-separator has-alpha-channel-opacity\"\/>\n\n\n\n<div class=\"wp-block-cover alignfull\" style=\"min-height:232px;aspect-ratio:unset;\"><span aria-hidden=\"true\" class=\"wp-block-cover__background has-background-dim\"><\/span><img loading=\"lazy\" decoding=\"async\" width=\"2048\" height=\"1148\" class=\"wp-block-cover__image-background wp-image-252\" alt=\"\" src=\"http:\/\/berizzirenov.fr\/wp-content\/uploads\/2025\/01\/AdobeStock_646714293-2048x1148.jpeg\" data-object-fit=\"cover\" srcset=\"https:\/\/berizzirenov.fr\/wp-content\/uploads\/2025\/01\/AdobeStock_646714293-2048x1148.jpeg 2048w, https:\/\/berizzirenov.fr\/wp-content\/uploads\/2025\/01\/AdobeStock_646714293-300x168.jpeg 300w, https:\/\/berizzirenov.fr\/wp-content\/uploads\/2025\/01\/AdobeStock_646714293-768x430.jpeg 768w, https:\/\/berizzirenov.fr\/wp-content\/uploads\/2025\/01\/AdobeStock_646714293-1536x861.jpeg 1536w\" sizes=\"auto, (max-width: 2048px) 100vw, 2048px\" \/><div class=\"wp-block-cover__inner-container is-layout-flow wp-block-cover-is-layout-flow\">\n<blockquote class=\"wp-block-quote is-layout-flow wp-block-quote-is-layout-flow\">\n<h2 class=\"wp-block-heading has-text-align-center has-medium-font-size\">BERIZZI RENOV, votre sp\u00e9cialiste des travaux tous corps d\u2019\u00e9tat \u00e0 Bourg-en-Bresse dans l\u2019Ain (01), s\u2019engage \u00e0 vous fournir des services de qualit\u00e9, adapt\u00e9s \u00e0 vos besoins sp\u00e9cifiques.<\/h2>\n<\/blockquote>\n<\/div><\/div>\n","protected":false},"excerpt":{"rendered":"<p>Votre expert de l\u2019\u00e9lectricit\u00e9 dans l\u2019Ain BERIZZI RENOV poss\u00e8de une solide exp\u00e9rience dans les travaux d\u2019\u00e9lectricit\u00e9 et r\u00e9pond \u00e0 tous vos besoins, que vous soyez en pleine r\u00e9novation ou en&hellip;<\/p>\n","protected":false},"author":1,"featured_media":0,"parent":0,"menu_order":0,"comment_status":"closed","ping_status":"closed","template":"","meta":{"footnotes":""},"class_list":["post-264","page","type-page","status-publish","hentry"],"yoast_head":"<!-- This site is optimized with the Yoast SEO plugin v24.1 - https:\/\/yoast.com\/wordpress\/plugins\/seo\/ -->\n<title>\u00c9lectricit\u00e9 - BERIZZI RENOV<\/title>\n<meta name=\"robots\" content=\"index, follow, max-snippet:-1, max-image-preview:large, max-video-preview:-1\" \/>\n<link rel=\"canonical\" href=\"https:\/\/berizzirenov.fr\/?page_id=264\" \/>\n<meta property=\"og:locale\" content=\"fr_FR\" \/>\n<meta property=\"og:type\" content=\"article\" \/>\n<meta property=\"og:title\" content=\"\u00c9lectricit\u00e9 - BERIZZI RENOV\" \/>\n<meta property=\"og:description\" content=\"Votre expert de l\u2019\u00e9lectricit\u00e9 dans l\u2019Ain BERIZZI RENOV poss\u00e8de une solide exp\u00e9rience dans les travaux d\u2019\u00e9lectricit\u00e9 et r\u00e9pond \u00e0 tous vos besoins, que vous soyez en pleine r\u00e9novation ou en&hellip;\" \/>\n<meta property=\"og:url\" content=\"https:\/\/berizzirenov.fr\/?page_id=264\" \/>\n<meta property=\"og:site_name\" content=\"BERIZZI RENOV\" \/>\n<meta property=\"article:modified_time\" content=\"2025-01-04T09:58:32+00:00\" \/>\n<meta property=\"og:image\" content=\"http:\/\/berizzirenov.fr\/wp-content\/uploads\/2024\/12\/tableau-electrique-1365x2048.jpeg\" \/>\n<meta name=\"twitter:card\" content=\"summary_large_image\" \/>\n<meta name=\"twitter:label1\" content=\"Dur\u00e9e de lecture estim\u00e9e\" \/>\n\t<meta name=\"twitter:data1\" content=\"3 minutes\" \/>\n<script type=\"application\/ld+json\" class=\"yoast-schema-graph\">{\"@context\":\"https:\/\/schema.org\",\"@graph\":[{\"@type\":\"WebPage\",\"@id\":\"https:\/\/berizzirenov.fr\/?page_id=264\",\"url\":\"https:\/\/berizzirenov.fr\/?page_id=264\",\"name\":\"\u00c9lectricit\u00e9 - BERIZZI RENOV\",\"isPartOf\":{\"@id\":\"https:\/\/berizzirenov.fr\/#website\"},\"primaryImageOfPage\":{\"@id\":\"https:\/\/berizzirenov.fr\/?page_id=264#primaryimage\"},\"image\":{\"@id\":\"https:\/\/berizzirenov.fr\/?page_id=264#primaryimage\"},\"thumbnailUrl\":\"http:\/\/berizzirenov.fr\/wp-content\/uploads\/2024\/12\/tableau-electrique-1365x2048.jpeg\",\"datePublished\":\"2025-01-04T09:15:35+00:00\",\"dateModified\":\"2025-01-04T09:58:32+00:00\",\"breadcrumb\":{\"@id\":\"https:\/\/berizzirenov.fr\/?page_id=264#breadcrumb\"},\"inLanguage\":\"fr-FR\",\"potentialAction\":[{\"@type\":\"ReadAction\",\"target\":[\"https:\/\/berizzirenov.fr\/?page_id=264\"]}]},{\"@type\":\"ImageObject\",\"inLanguage\":\"fr-FR\",\"@id\":\"https:\/\/berizzirenov.fr\/?page_id=264#primaryimage\",\"url\":\"https:\/\/berizzirenov.fr\/wp-content\/uploads\/2024\/12\/tableau-electrique-scaled.jpeg\",\"contentUrl\":\"https:\/\/berizzirenov.fr\/wp-content\/uploads\/2024\/12\/tableau-electrique-scaled.jpeg\",\"width\":1707,\"height\":2560},{\"@type\":\"BreadcrumbList\",\"@id\":\"https:\/\/berizzirenov.fr\/?page_id=264#breadcrumb\",\"itemListElement\":[{\"@type\":\"ListItem\",\"position\":1,\"name\":\"Accueil\",\"item\":\"https:\/\/berizzirenov.fr\/\"},{\"@type\":\"ListItem\",\"position\":2,\"name\":\"\u00c9lectricit\u00e9\"}]},{\"@type\":\"WebSite\",\"@id\":\"https:\/\/berizzirenov.fr\/#website\",\"url\":\"https:\/\/berizzirenov.fr\/\",\"name\":\"BERIZZI RENOV\",\"description\":\"Valorisez votre patrimoine\",\"publisher\":{\"@id\":\"https:\/\/berizzirenov.fr\/#organization\"},\"potentialAction\":[{\"@type\":\"SearchAction\",\"target\":{\"@type\":\"EntryPoint\",\"urlTemplate\":\"https:\/\/berizzirenov.fr\/?s={search_term_string}\"},\"query-input\":{\"@type\":\"PropertyValueSpecification\",\"valueRequired\":true,\"valueName\":\"search_term_string\"}}],\"inLanguage\":\"fr-FR\"},{\"@type\":\"Organization\",\"@id\":\"https:\/\/berizzirenov.fr\/#organization\",\"name\":\"BERIZZI RENOV\",\"url\":\"https:\/\/berizzirenov.fr\/\",\"logo\":{\"@type\":\"ImageObject\",\"inLanguage\":\"fr-FR\",\"@id\":\"https:\/\/berizzirenov.fr\/#\/schema\/logo\/image\/\",\"url\":\"https:\/\/berizzirenov.fr\/wp-content\/uploads\/2024\/12\/cropped-Logo-horizontal_couleur-scaled-2.jpg\",\"contentUrl\":\"https:\/\/berizzirenov.fr\/wp-content\/uploads\/2024\/12\/cropped-Logo-horizontal_couleur-scaled-2.jpg\",\"width\":2560,\"height\":1155,\"caption\":\"BERIZZI RENOV\"},\"image\":{\"@id\":\"https:\/\/berizzirenov.fr\/#\/schema\/logo\/image\/\"}}]}<\/script>\n<!-- \/ Yoast SEO plugin. -->","yoast_head_json":{"title":"\u00c9lectricit\u00e9 - BERIZZI RENOV","robots":{"index":"index","follow":"follow","max-snippet":"max-snippet:-1","max-image-preview":"max-image-preview:large","max-video-preview":"max-video-preview:-1"},"canonical":"https:\/\/berizzirenov.fr\/?page_id=264","og_locale":"fr_FR","og_type":"article","og_title":"\u00c9lectricit\u00e9 - BERIZZI RENOV","og_description":"Votre expert de l\u2019\u00e9lectricit\u00e9 dans l\u2019Ain BERIZZI RENOV poss\u00e8de une solide exp\u00e9rience dans les travaux d\u2019\u00e9lectricit\u00e9 et r\u00e9pond \u00e0 tous vos besoins, que vous soyez en pleine r\u00e9novation ou en&hellip;","og_url":"https:\/\/berizzirenov.fr\/?page_id=264","og_site_name":"BERIZZI RENOV","article_modified_time":"2025-01-04T09:58:32+00:00","og_image":[{"url":"http:\/\/berizzirenov.fr\/wp-content\/uploads\/2024\/12\/tableau-electrique-1365x2048.jpeg","type":"","width":"","height":""}],"twitter_card":"summary_large_image","twitter_misc":{"Dur\u00e9e de lecture estim\u00e9e":"3 minutes"},"schema":{"@context":"https:\/\/schema.org","@graph":[{"@type":"WebPage","@id":"https:\/\/berizzirenov.fr\/?page_id=264","url":"https:\/\/berizzirenov.fr\/?page_id=264","name":"\u00c9lectricit\u00e9 - BERIZZI RENOV","isPartOf":{"@id":"https:\/\/berizzirenov.fr\/#website"},"primaryImageOfPage":{"@id":"https:\/\/berizzirenov.fr\/?page_id=264#primaryimage"},"image":{"@id":"https:\/\/berizzirenov.fr\/?page_id=264#primaryimage"},"thumbnailUrl":"http:\/\/berizzirenov.fr\/wp-content\/uploads\/2024\/12\/tableau-electrique-1365x2048.jpeg","datePublished":"2025-01-04T09:15:35+00:00","dateModified":"2025-01-04T09:58:32+00:00","breadcrumb":{"@id":"https:\/\/berizzirenov.fr\/?page_id=264#breadcrumb"},"inLanguage":"fr-FR","potentialAction":[{"@type":"ReadAction","target":["https:\/\/berizzirenov.fr\/?page_id=264"]}]},{"@type":"ImageObject","inLanguage":"fr-FR","@id":"https:\/\/berizzirenov.fr\/?page_id=264#primaryimage","url":"https:\/\/berizzirenov.fr\/wp-content\/uploads\/2024\/12\/tableau-electrique-scaled.jpeg","contentUrl":"https:\/\/berizzirenov.fr\/wp-content\/uploads\/2024\/12\/tableau-electrique-scaled.jpeg","width":1707,"height":2560},{"@type":"BreadcrumbList","@id":"https:\/\/berizzirenov.fr\/?page_id=264#breadcrumb","itemListElement":[{"@type":"ListItem","position":1,"name":"Accueil","item":"https:\/\/berizzirenov.fr\/"},{"@type":"ListItem","position":2,"name":"\u00c9lectricit\u00e9"}]},{"@type":"WebSite","@id":"https:\/\/berizzirenov.fr\/#website","url":"https:\/\/berizzirenov.fr\/","name":"BERIZZI RENOV","description":"Valorisez votre patrimoine","publisher":{"@id":"https:\/\/berizzirenov.fr\/#organization"},"potentialAction":[{"@type":"SearchAction","target":{"@type":"EntryPoint","urlTemplate":"https:\/\/berizzirenov.fr\/?s={search_term_string}"},"query-input":{"@type":"PropertyValueSpecification","valueRequired":true,"valueName":"search_term_string"}}],"inLanguage":"fr-FR"},{"@type":"Organization","@id":"https:\/\/berizzirenov.fr\/#organization","name":"BERIZZI RENOV","url":"https:\/\/berizzirenov.fr\/","logo":{"@type":"ImageObject","inLanguage":"fr-FR","@id":"https:\/\/berizzirenov.fr\/#\/schema\/logo\/image\/","url":"https:\/\/berizzirenov.fr\/wp-content\/uploads\/2024\/12\/cropped-Logo-horizontal_couleur-scaled-2.jpg","contentUrl":"https:\/\/berizzirenov.fr\/wp-content\/uploads\/2024\/12\/cropped-Logo-horizontal_couleur-scaled-2.jpg","width":2560,"height":1155,"caption":"BERIZZI RENOV"},"image":{"@id":"https:\/\/berizzirenov.fr\/#\/schema\/logo\/image\/"}}]}},"_links":{"self":[{"href":"https:\/\/berizzirenov.fr\/index.php?rest_route=\/wp\/v2\/pages\/264","targetHints":{"allow":["GET"]}}],"collection":[{"href":"https:\/\/berizzirenov.fr\/index.php?rest_route=\/wp\/v2\/pages"}],"about":[{"href":"https:\/\/berizzirenov.fr\/index.php?rest_route=\/wp\/v2\/types\/page"}],"author":[{"embeddable":true,"href":"https:\/\/berizzirenov.fr\/index.php?rest_route=\/wp\/v2\/users\/1"}],"replies":[{"embeddable":true,"href":"https:\/\/berizzirenov.fr\/index.php?rest_route=%2Fwp%2Fv2%2Fcomments&post=264"}],"version-history":[{"count":9,"href":"https:\/\/berizzirenov.fr\/index.php?rest_route=\/wp\/v2\/pages\/264\/revisions"}],"predecessor-version":[{"id":296,"href":"https:\/\/berizzirenov.fr\/index.php?rest_route=\/wp\/v2\/pages\/264\/revisions\/296"}],"wp:attachment":[{"href":"https:\/\/berizzirenov.fr\/index.php?rest_route=%2Fwp%2Fv2%2Fmedia&parent=264"}],"curies":[{"name":"wp","href":"https:\/\/api.w.org\/{rel}","templated":true}]}}